{"id":3030,"date":"2024-03-09T21:21:58","date_gmt":"2024-03-09T20:21:58","guid":{"rendered":"https:\/\/agenceclerc.com\/?page_id=3030"},"modified":"2026-04-01T11:28:12","modified_gmt":"2026-04-01T09:28:12","slug":"gammefrico","status":"publish","type":"page","link":"https:\/\/agenceclerc.com\/index.php\/nos-fabricants\/gammefrico\/","title":{"rendered":"FRICO"},"content":{"rendered":"<p>[et_pb_section fb_built=\u00a0\u00bb1&Prime; admin_label=\u00a0\u00bbFrico\u00a0\u00bb _builder_version=\u00a0\u00bb4.22.2&Prime; background_color=\u00a0\u00bb#f7f7f7&Prime; overflow-x=\u00a0\u00bbhidden\u00a0\u00bb overflow-y=\u00a0\u00bbhidden\u00a0\u00bb top_divider_color=\u00a0\u00bbrgba(0,0,0,0.46)\u00a0\u00bb top_divider_height=\u00a0\u00bb57px\u00a0\u00bb hover_transition_duration=\u00a0\u00bb0ms\u00a0\u00bb motion_trigger_start=\u00a0\u00bbtop\u00a0\u00bb hover_enabled=\u00a0\u00bb0&Prime; global_colors_info=\u00a0\u00bb{}\u00a0\u00bb sticky_enabled=\u00a0\u00bb0&Prime;][et_pb_row _builder_version=\u00a0\u00bb4.22.2&Prime; _module_preset=\u00a0\u00bbdefault\u00a0\u00bb hover_enabled=\u00a0\u00bb0&Prime; global_colors_info=\u00a0\u00bb{}\u00a0\u00bb sticky_enabled=\u00a0\u00bb0&Prime;][et_pb_column type=\u00a0\u00bb4_4&Prime; module_id=\u00a0\u00bb#arkoslight\u00a0\u00bb _builder_version=\u00a0\u00bb4.22.2&Prime; _module_preset=\u00a0\u00bbdefault\u00a0\u00bb background_enable_image=\u00a0\u00bboff\u00a0\u00bb link_option_url=\u00a0\u00bb#arkoslight\u00a0\u00bb global_colors_info=\u00a0\u00bb{}\u00a0\u00bb][dsm_text_divider header=\u00a0\u00bbFrico : design, confort et \u00e9nergie\u00a0\u00bb color=\u00a0\u00bb#ff0000&Prime; _builder_version=\u00a0\u00bb4.22.2&Prime; _module_preset=\u00a0\u00bbdefault\u00a0\u00bb global_colors_info=\u00a0\u00bb{}\u00a0\u00bb][\/dsm_text_divider][dsm_advanced_tabs dsm_tabs_layout=\u00a0\u00bbvertical\u00a0\u00bb dsm_lightbox_image=\u00a0\u00bbon\u00a0\u00bb dsm_auto_scroll_mobile=\u00a0\u00bbon\u00a0\u00bb dsm_tabs_wrapper_width=\u00a0\u00bb0%\u00a0\u00bb _builder_version=\u00a0\u00bb4.22.2&Prime; _module_preset=\u00a0\u00bbdefault\u00a0\u00bb background_color=\u00a0\u00bb#ea0000&Prime; background_enable_image=\u00a0\u00bboff\u00a0\u00bb background_size=\u00a0\u00bbcontain\u00a0\u00bb background_position=\u00a0\u00bbtop_left\u00a0\u00bb background_last_edited=\u00a0\u00bbon|phone\u00a0\u00bb global_colors_info=\u00a0\u00bb{}\u00a0\u00bb][dsm_advanced_tabs_child dsm_title=\u00a0\u00bbFrico\u00a0\u00bb dsm_subtitle=\u00a0\u00bbRideaux d&rsquo;air, chauffage par rayonnement, a\u00e9rothermes, IRC, Uniclim.\u00a0\u00bb dsm_use_icon_image=\u00a0\u00bbon\u00a0\u00bb dsm_use_icon=\u00a0\u00bbon\u00a0\u00bb dsm_content_title=\u00a0\u00bbFrico\u00a0\u00bb dsm_content=\u00a0\u00bb<\/p>\n<p>Avec plus de 80 ans de savoir-faire et premier fabricant en Europe, dont le si\u00e8ge social est en Su\u00e8de, <strong>Frico<\/strong> offre une large gamme de produits et des solutions compl\u00e8tes pour un climat int\u00e9rieur confortable pour tous types de locaux.<\/p>\n<p><span>En tant que fabricant certifi\u00e9 <strong>ISO 9001<\/strong> pour la gestion de la qualit\u00e9, et <strong>ISO 14001<\/strong> pour la gestion environnementale, Frico s&rsquo;engage pleinement dans le <strong>d\u00e9veloppement durable<\/strong>. <\/span><\/p>\n<p><span>L&rsquo;objectif principal du <strong>groupe Systemair<\/strong>, auquel appartient Frico, est de <strong>r\u00e9duire la consommation d&rsquo;\u00e9nergie et de mat\u00e9riaux en proposant les <\/strong><\/span><span><\/span><a href=%22https:\/\/shop.frico.net\/fr-FR\/rideaux--dair\/c45350%22>rideaux d&rsquo;air , le c<\/a><a href=%22https:\/\/shop.frico.net\/fr-FR\/chauffage--par--rayonnement\/c45435%22>hauffage par rayonnement , les a<\/a><a href=%22https:\/\/shop.frico.net\/fr-FR\/aerothermes\/c45175%22>\u00e9rothermes, les r<\/a><a href=%22https:\/\/shop.frico.net\/fr-FR\/radiateurs\/c45214%22>adiateurs, les d<\/a><a href=%22https:\/\/shop.frico.net\/fr-FR\/destratificateurs\/c45244%22>\u00e9stratificateurs , les r<\/a><a href=%22https:\/\/shop.frico.net\/fr-FR\/refroidisseurs--dair\/c45236%22>efroidisseurs d&rsquo;air et les r<\/a><a href=%22https:\/\/shop.frico.net\/fr-FR\/regulation\/c45272%22>\u00e9gulateurs.<\/a><\/p>\n<ul><\/ul>\n<p>\u00a0\u00bb dsm_content_use_icon_image=\u00a0\u00bbon\u00a0\u00bb dsm_content_image=\u00a0\u00bbhttps:\/\/agenceclerc.com\/wp-content\/uploads\/2024\/01\/Image-14-01-2024-a-21.43-scaled-1024&#215;314.jpeg\u00a0\u00bb button_url=\u00a0\u00bbhttps:\/\/www.frico.net\/fr\/\u00a0\u00bb _builder_version=\u00a0\u00bb4.22.2&Prime; _module_preset=\u00a0\u00bbdefault\u00a0\u00bb tab_subtitle_font_size=\u00a0\u00bb14px\u00a0\u00bb content_title_level=\u00a0\u00bbh2&Prime; global_colors_info=\u00a0\u00bb{}\u00a0\u00bb parentOrderClass=\u00a0\u00bbdsm_advanced_tabs_0&Prime;][\/dsm_advanced_tabs_child][\/dsm_advanced_tabs][\/et_pb_column][\/et_pb_row][et_pb_row _builder_version=\u00a0\u00bb4.22.2&Prime; _module_preset=\u00a0\u00bbdefault\u00a0\u00bb custom_margin=\u00a0\u00bb-1px|auto||auto||\u00a0\u00bb global_colors_info=\u00a0\u00bb{}\u00a0\u00bb][et_pb_column type=\u00a0\u00bb4_4&Prime; _builder_version=\u00a0\u00bb4.22.2&Prime; _module_preset=\u00a0\u00bbdefault\u00a0\u00bb global_colors_info=\u00a0\u00bb{}\u00a0\u00bb][dsm_masonry_gallery gallery_ids=\u00a0\u00bb2019,1870,1873,1879,1867,1857&Prime; dsm_sort_images_order=\u00a0\u00bbrand\u00a0\u00bb gutter=\u00a0\u00bb7&Prime; use_overlay=\u00a0\u00bbon\u00a0\u00bb overlay_description=\u00a0\u00bboff\u00a0\u00bb use_lightbox=\u00a0\u00bbon\u00a0\u00bb overlay_color=\u00a0\u00bbrgba(0,0,0,0.53)\u00a0\u00bb use_zoom_on_hover=\u00a0\u00bbon\u00a0\u00bb columns_tablet=\u00a0\u00bb\u00a0\u00bb columns_phone=\u00a0\u00bb2&Prime; columns_last_edited=\u00a0\u00bbon|phone\u00a0\u00bb _builder_version=\u00a0\u00bb4.22.2&Prime; _module_preset=\u00a0\u00bbdefault\u00a0\u00bb image_title_level=\u00a0\u00bbh3&Prime; image_title_font=\u00a0\u00bbPoppins||||||||\u00a0\u00bb image_title_text_color=\u00a0\u00bb#ff120a\u00a0\u00bb image_title_font_size=\u00a0\u00bb20px\u00a0\u00bb image_caption_font=\u00a0\u00bbPoppins||||||||\u00a0\u00bb image_caption_text_color=\u00a0\u00bb#FFFFFF\u00a0\u00bb image_caption_font_size=\u00a0\u00bb12px\u00a0\u00bb image_desc_text_color=\u00a0\u00bb#FFFFFF\u00a0\u00bb image_desc_font_size=\u00a0\u00bb12px\u00a0\u00bb link_option_url=\u00a0\u00bbhttps:\/\/www.frico.net\/fr\/\u00a0\u00bb image_title_font_size_tablet=\u00a0\u00bb\u00a0\u00bb image_title_font_size_phone=\u00a0\u00bb10px\u00a0\u00bb image_title_font_size_last_edited=\u00a0\u00bbon|desktop\u00a0\u00bb image_caption_text_color_tablet=\u00a0\u00bb#FFFFFF\u00a0\u00bb image_caption_text_color_phone=\u00a0\u00bb#FFFFFF\u00a0\u00bb image_caption_text_color_last_edited=\u00a0\u00bbon|desktop\u00a0\u00bb image_caption_font_size_tablet=\u00a0\u00bb12px\u00a0\u00bb image_caption_font_size_phone=\u00a0\u00bb9px\u00a0\u00bb image_caption_font_size_last_edited=\u00a0\u00bbon|desktop\u00a0\u00bb image_caption_line_height_tablet=\u00a0\u00bb\u00a0\u00bb image_caption_line_height_phone=\u00a0\u00bb1.1em\u00a0\u00bb image_caption_line_height_last_edited=\u00a0\u00bbon|desktop\u00a0\u00bb image_desc_font_size_tablet=\u00a0\u00bb9px\u00a0\u00bb image_desc_font_size_phone=\u00a0\u00bb10px\u00a0\u00bb image_desc_font_size_last_edited=\u00a0\u00bbon|desktop\u00a0\u00bb global_colors_info=\u00a0\u00bb{}\u00a0\u00bb][\/dsm_masonry_gallery][\/et_pb_column][\/et_pb_row][et_pb_row column_structure=\u00a0\u00bb1_2,1_2&Prime; _builder_version=\u00a0\u00bb4.22.2&Prime; _module_preset=\u00a0\u00bbdefault\u00a0\u00bb background_color=\u00a0\u00bb#FFFFFF\u00a0\u00bb global_colors_info=\u00a0\u00bb{}\u00a0\u00bb][et_pb_column type=\u00a0\u00bb1_2&Prime; _builder_version=\u00a0\u00bb4.22.2&Prime; _module_preset=\u00a0\u00bbdefault\u00a0\u00bb global_colors_info=\u00a0\u00bb{}\u00a0\u00bb][et_pb_cta button_url=\u00a0\u00bbhttps:\/\/www.frico.net\/fr\/\u00a0\u00bb button_text=\u00a0\u00bbSite internet\u00a0\u00bb _builder_version=\u00a0\u00bb4.22.2&Prime; _module_preset=\u00a0\u00bbdefault\u00a0\u00bb background_color=\u00a0\u00bbrgba(0,0,0,0.71)\u00a0\u00bb min_height=\u00a0\u00bb127px\u00a0\u00bb custom_margin=\u00a0\u00bb||24px|||\u00a0\u00bb global_colors_info=\u00a0\u00bb{}\u00a0\u00bb][\/et_pb_cta][\/et_pb_column][et_pb_column type=\u00a0\u00bb1_2&Prime; _builder_version=\u00a0\u00bb4.22.2&Prime; _module_preset=\u00a0\u00bbdefault\u00a0\u00bb global_colors_info=\u00a0\u00bb{}\u00a0\u00bb][et_pb_cta button_url=\u00a0\u00bbhttps:\/\/www.frico.net\/fr\/catalogues\/\u00a0\u00bb button_text=\u00a0\u00bbT\u00e9l\u00e9charger les documentations\u00a0\u00bb _builder_version=\u00a0\u00bb4.22.2&Prime; _module_preset=\u00a0\u00bbdefault\u00a0\u00bb background_color=\u00a0\u00bbrgba(0,0,0,0.71)\u00a0\u00bb locked=\u00a0\u00bboff\u00a0\u00bb global_colors_info=\u00a0\u00bb{}\u00a0\u00bb][\/et_pb_cta][\/et_pb_column][\/et_pb_row][\/et_pb_section]<\/p>\n","protected":false},"excerpt":{"rendered":"<p>L&rsquo;objectif principal du groupe Systemair, auquel appartient Frico, est de r\u00e9duire la consommation d&rsquo;\u00e9nergie et de mat\u00e9riaux.<\/p>\n","protected":false},"author":1,"featured_media":218,"parent":451,"menu_order":8,"comment_status":"closed","ping_status":"closed","template":"","meta":{"_et_pb_use_builder":"on","_et_pb_old_content":"","_et_gb_content_width":"","om_disable_all_campaigns":false,"_monsterinsights_skip_tracking":false,"_monsterinsights_sitenote_active":false,"_monsterinsights_sitenote_note":"","_monsterinsights_sitenote_category":0,"footnotes":""},"class_list":["post-3030","page","type-page","status-publish","has-post-thumbnail","hentry"],"aioseo_notices":[],"_links":{"self":[{"href":"https:\/\/agenceclerc.com\/index.php\/wp-json\/wp\/v2\/pages\/3030","targetHints":{"allow":["GET"]}}],"collection":[{"href":"https:\/\/agenceclerc.com\/index.php\/wp-json\/wp\/v2\/pages"}],"about":[{"href":"https:\/\/agenceclerc.com\/index.php\/wp-json\/wp\/v2\/types\/page"}],"author":[{"embeddable":true,"href":"https:\/\/agenceclerc.com\/index.php\/wp-json\/wp\/v2\/users\/1"}],"replies":[{"embeddable":true,"href":"https:\/\/agenceclerc.com\/index.php\/wp-json\/wp\/v2\/comments?post=3030"}],"version-history":[{"count":32,"href":"https:\/\/agenceclerc.com\/index.php\/wp-json\/wp\/v2\/pages\/3030\/revisions"}],"predecessor-version":[{"id":3150,"href":"https:\/\/agenceclerc.com\/index.php\/wp-json\/wp\/v2\/pages\/3030\/revisions\/3150"}],"up":[{"embeddable":true,"href":"https:\/\/agenceclerc.com\/index.php\/wp-json\/wp\/v2\/pages\/451"}],"wp:featuredmedia":[{"embeddable":true,"href":"https:\/\/agenceclerc.com\/index.php\/wp-json\/wp\/v2\/media\/218"}],"wp:attachment":[{"href":"https:\/\/agenceclerc.com\/index.php\/wp-json\/wp\/v2\/media?parent=3030"}],"curies":[{"name":"wp","href":"https:\/\/api.w.org\/{rel}","templated":true}]}}