{"id":3343,"date":"2024-03-19T11:36:49","date_gmt":"2024-03-19T10:36:49","guid":{"rendered":"https:\/\/agenceclerc.com\/?page_id=3343"},"modified":"2026-04-01T11:27:13","modified_gmt":"2026-04-01T09:27:13","slug":"gammebeg","status":"publish","type":"page","link":"https:\/\/agenceclerc.com\/index.php\/nos-fabricants\/gammebeg\/","title":{"rendered":"B.E.G"},"content":{"rendered":"<p>[et_pb_section fb_built=\u00a0\u00bb1&Prime; admin_label=\u00a0\u00bbBEG\u00a0\u00bb module_id=\u00a0\u00bbgammebeg\u00a0\u00bb _builder_version=\u00a0\u00bb4.22.2&Prime; background_color=\u00a0\u00bb#f7f7f7&Prime; overflow-x=\u00a0\u00bbhidden\u00a0\u00bb overflow-y=\u00a0\u00bbhidden\u00a0\u00bb top_divider_color=\u00a0\u00bbrgba(0,0,0,0.28)\u00a0\u00bb top_divider_height=\u00a0\u00bb48px\u00a0\u00bb hover_transition_duration=\u00a0\u00bb0ms\u00a0\u00bb hover_transition_speed_curve=\u00a0\u00bbease-in\u00a0\u00bb motion_trigger_start=\u00a0\u00bbtop\u00a0\u00bb hover_enabled=\u00a0\u00bb0&Prime; saved_tabs=\u00a0\u00bball\u00a0\u00bb global_colors_info=\u00a0\u00bb{}\u00a0\u00bb theme_builder_area=\u00a0\u00bbpost_content\u00a0\u00bb custom_margin=\u00a0\u00bb-9px|||||\u00a0\u00bb sticky_enabled=\u00a0\u00bb0&Prime;][et_pb_row _builder_version=\u00a0\u00bb4.22.2&Prime; _module_preset=\u00a0\u00bbdefault\u00a0\u00bb global_colors_info=\u00a0\u00bb{}\u00a0\u00bb theme_builder_area=\u00a0\u00bbpost_content\u00a0\u00bb][et_pb_column type=\u00a0\u00bb4_4&Prime; module_id=\u00a0\u00bb#arkoslight\u00a0\u00bb _builder_version=\u00a0\u00bb4.22.2&Prime; _module_preset=\u00a0\u00bbdefault\u00a0\u00bb background_enable_image=\u00a0\u00bboff\u00a0\u00bb link_option_url=\u00a0\u00bb#arkoslight\u00a0\u00bb global_colors_info=\u00a0\u00bb{}\u00a0\u00bb theme_builder_area=\u00a0\u00bbpost_content\u00a0\u00bb][dsm_text_divider header=\u00a0\u00bbB.E.G:  sp\u00e9cialiste des syst\u00e8mes de gestion de l\u2019\u00e9clairage\u00a0\u00bb color=\u00a0\u00bb#ff0000&Prime; _builder_version=\u00a0\u00bb4.22.2&Prime; _module_preset=\u00a0\u00bbdefault\u00a0\u00bb global_colors_info=\u00a0\u00bb{}\u00a0\u00bb theme_builder_area=\u00a0\u00bbpost_content\u00a0\u00bb][\/dsm_text_divider][dsm_advanced_tabs dsm_tabs_layout=\u00a0\u00bbvertical\u00a0\u00bb dsm_lightbox_image=\u00a0\u00bbon\u00a0\u00bb dsm_auto_scroll_mobile=\u00a0\u00bbon\u00a0\u00bb dsm_tabs_wrapper_width=\u00a0\u00bb0%\u00a0\u00bb _builder_version=\u00a0\u00bb4.22.2&Prime; _module_preset=\u00a0\u00bbdefault\u00a0\u00bb background_enable_color=\u00a0\u00bboff\u00a0\u00bb background_enable_image=\u00a0\u00bboff\u00a0\u00bb background_enable_video_mp4=\u00a0\u00bboff\u00a0\u00bb background_video_width=\u00a0\u00bb800&Prime; background_video_height=\u00a0\u00bb200&Prime; background_color_phone=\u00a0\u00bb#ff0011&Prime; background_last_edited=\u00a0\u00bbon|phone\u00a0\u00bb background_enable_color_phone=\u00a0\u00bbon\u00a0\u00bb background_enable_image_phone=\u00a0\u00bboff\u00a0\u00bb parallax_phone=\u00a0\u00bbon\u00a0\u00bb global_colors_info=\u00a0\u00bb{}\u00a0\u00bb theme_builder_area=\u00a0\u00bbpost_content\u00a0\u00bb][dsm_advanced_tabs_child dsm_title=\u00a0\u00bbBEG\u00a0\u00bb dsm_title_url=\u00a0\u00bbLutter contre le r\u00e9chauffement climatique est le d\u00e9fi de notre \u00e9poque. Quiconque r\u00e9nove ou construit un nouveau b\u00e2timent peut aujourd&rsquo;hui compter sur les avantages de l&rsquo;automatisation et la gestion des b\u00e2timents. Chez B.E.G., nous d\u00e9veloppons et fabriquons depuis des d\u00e9cennies des produits de qualit\u00e9 qui vous apportent plus d&rsquo;\u00e9conomies d&rsquo;\u00e9nergie, de confort, et de s\u00e9curit\u00e9.\u00a0\u00bb dsm_subtitle=\u00a0\u00bbD\u00e9tecteurs de pr\u00e9sence et automates\u00a0\u00bb dsm_use_icon_image=\u00a0\u00bbon\u00a0\u00bb dsm_use_icon=\u00a0\u00bbon\u00a0\u00bb font_icon=\u00a0\u00bb&#x5c;||divi||400&Prime; dsm_content_title=\u00a0\u00bbB.E.G\u00a0\u00bb dsm_content=\u00a0\u00bb<\/p>\n<p>Entreprise familiale de taille moyenne depuis 1975 en Allemagne, B.E.G. Br\u00fcck Electronic GmbH est le sp\u00e9cialiste des syst\u00e8mes de gestion de l\u2019\u00e9clairage (<a href=%22https:\/\/www.beg-luxomat.com\/fr\/produits\/systemes-de-commande\/%22>DALI2, KNX, BMS) ,<br \/>fabricant <\/a><a href=%22https:\/\/www.beg-luxomat.com\/fr\/produits\/detecteurs-de-presence-et-de-mouvement\/%22>des d\u00e9tecteurs de pr\u00e9sence<\/a><a href=%22https:\/\/www.beg-luxomat.com\/fr\/produits\/systemes-de-commande\/%22> et automates.<\/a><\/p>\n<p>Avec 13 filiales \u00e0 l&rsquo;\u00e9tranger et un total de plus de 260 employ\u00e9s, <a href=%22https:\/\/www.beg-luxomat.com\/fr\/l-entreprise\/%22>BEG<\/a> offre une proximit\u00e9 client dans le monde entier, et est reconnu pour leur large gamme de produits et d&rsquo;accessoires, pour le d\u00e9veloppement de produits innovant et adapt\u00e9s aux besoins des clients et pour leurs conseils sp\u00e9cialis\u00e9s et adapt\u00e9s aux applications pour les produits en r\u00e9seau.<\/p>\n<p><yt-attributed-string class=%22style-scope ytd-text-inline-expander%22><span class=%22yt-core-attributed-string yt-core-attributed-string--white-space-pre-wrap%22 role=%22text%22><span class=%22yt-core-attributed-string--link-inherit-color%22>Lutter contre le r\u00e9chauffement climatique est le d\u00e9fi de notre \u00e9poque. <\/span><\/span><\/yt-attributed-string><\/p>\n<p><yt-attributed-string class=%22style-scope ytd-text-inline-expander%22><span class=%22yt-core-attributed-string yt-core-attributed-string--white-space-pre-wrap%22 role=%22text%22><span class=%22yt-core-attributed-string--link-inherit-color%22>Quiconque r\u00e9nove ou construit un nouveau b\u00e2timent peut aujourd&rsquo;hui compter sur les avantages de l&rsquo;automatisation et la gestion des b\u00e2timents. <\/span><\/span><\/yt-attributed-string><\/p>\n<p><yt-attributed-string class=%22style-scope ytd-text-inline-expander%22><span class=%22yt-core-attributed-string yt-core-attributed-string--white-space-pre-wrap%22 role=%22text%22><span class=%22yt-core-attributed-string--link-inherit-color%22><a href=%22https:\/\/www.begfrance.com%22 title=%22B.E.G France%22>B.E.G. <\/a>d\u00e9veloppe et fabrique depuis des d\u00e9cennies des produits de qualit\u00e9 qui apportent plus d&rsquo;\u00e9conomies d&rsquo;\u00e9nergie, de confort, et de s\u00e9curit\u00e9. <\/span><\/span><\/yt-attributed-string><yt-attributed-string class=%22style-scope ytd-text-inline-expander%22><span class=%22yt-core-attributed-string yt-core-attributed-string--white-space-pre-wrap%22 role=%22text%22><span class=%22yt-core-attributed-string--link-inherit-color%22><\/span><\/span><\/yt-attributed-string><\/p>\n<p>\u00a0\u00bb dsm_content_use_icon_image=\u00a0\u00bbon\u00a0\u00bb dsm_content_image=\u00a0\u00bbhttps:\/\/agenceclerc.com\/wp-content\/uploads\/2024\/01\/Image-30-01-2024-a-22.17.jpeg\u00a0\u00bb button_url=\u00a0\u00bbhttps:\/\/youtu.be\/2XrnB2jk9-E?si=v7XrTKSPiDZD9G6b\u00a0\u00bb _builder_version=\u00a0\u00bb4.22.2&Prime; _module_preset=\u00a0\u00bbdefault\u00a0\u00bb global_colors_info=\u00a0\u00bb{}\u00a0\u00bb theme_builder_area=\u00a0\u00bbpost_content\u00a0\u00bb parentOrderClass=\u00a0\u00bbdsm_advanced_tabs_0&Prime;][\/dsm_advanced_tabs_child][\/dsm_advanced_tabs][\/et_pb_column][\/et_pb_row][et_pb_row column_structure=\u00a0\u00bb1_4,1_4,1_4,1_4&Prime; _builder_version=\u00a0\u00bb4.22.2&Prime; _module_preset=\u00a0\u00bbdefault\u00a0\u00bb positioning=\u00a0\u00bbnone\u00a0\u00bb global_colors_info=\u00a0\u00bb{}\u00a0\u00bb theme_builder_area=\u00a0\u00bbpost_content\u00a0\u00bb][et_pb_column type=\u00a0\u00bb1_4&Prime; _builder_version=\u00a0\u00bb4.22.2&Prime; _module_preset=\u00a0\u00bbdefault\u00a0\u00bb global_colors_info=\u00a0\u00bb{}\u00a0\u00bb theme_builder_area=\u00a0\u00bbpost_content\u00a0\u00bb][et_pb_video src=\u00a0\u00bbhttps:\/\/youtu.be\/_qWqbQCpPik?si=6qe44Iv1RFQS0ZeF\u00a0\u00bb image_src=\u00a0\u00bb\/\/i.ytimg.com\/vi\/_qWqbQCpPik\/hqdefault.jpg\u00a0\u00bb play_icon_color=\u00a0\u00bb#F54100&Prime; font_icon=\u00a0\u00bb&#x49;||divi||400&Prime; admin_label=\u00a0\u00bbGamme DACO\u00a0\u00bb _builder_version=\u00a0\u00bb4.22.2&Prime; _module_preset=\u00a0\u00bbdefault\u00a0\u00bb width=\u00a0\u00bb100%\u00a0\u00bb width_tablet=\u00a0\u00bb57%\u00a0\u00bb width_phone=\u00a0\u00bb57%\u00a0\u00bb width_last_edited=\u00a0\u00bbon|desktop\u00a0\u00bb max_width=\u00a0\u00bb100%\u00a0\u00bb module_alignment=\u00a0\u00bbcenter\u00a0\u00bb global_colors_info=\u00a0\u00bb{}\u00a0\u00bb theme_builder_area=\u00a0\u00bbpost_content\u00a0\u00bb][\/et_pb_video][\/et_pb_column][et_pb_column type=\u00a0\u00bb1_4&Prime; _builder_version=\u00a0\u00bb4.22.2&Prime; _module_preset=\u00a0\u00bbdefault\u00a0\u00bb global_colors_info=\u00a0\u00bb{}\u00a0\u00bb theme_builder_area=\u00a0\u00bbpost_content\u00a0\u00bb][et_pb_video src=\u00a0\u00bbhttps:\/\/youtu.be\/lr7NGHFBlfU?si=nf6QZtID8cSLe7rq\u00a0\u00bb image_src=\u00a0\u00bb\/\/i.ytimg.com\/vi\/lr7NGHFBlfU\/hqdefault.jpg\u00a0\u00bb play_icon_color=\u00a0\u00bb#F54100&Prime; font_icon=\u00a0\u00bb&#x49;||divi||400&Prime; admin_label=\u00a0\u00bbGamme HCL\u00a0\u00bb _builder_version=\u00a0\u00bb4.22.2&Prime; _module_preset=\u00a0\u00bbdefault\u00a0\u00bb width=\u00a0\u00bb100%\u00a0\u00bb width_tablet=\u00a0\u00bb57%\u00a0\u00bb width_phone=\u00a0\u00bb57%\u00a0\u00bb width_last_edited=\u00a0\u00bbon|desktop\u00a0\u00bb max_width=\u00a0\u00bb100%\u00a0\u00bb module_alignment=\u00a0\u00bbcenter\u00a0\u00bb global_colors_info=\u00a0\u00bb{}\u00a0\u00bb theme_builder_area=\u00a0\u00bbpost_content\u00a0\u00bb][\/et_pb_video][\/et_pb_column][et_pb_column type=\u00a0\u00bb1_4&Prime; _builder_version=\u00a0\u00bb4.22.2&Prime; _module_preset=\u00a0\u00bbdefault\u00a0\u00bb global_colors_info=\u00a0\u00bb{}\u00a0\u00bb theme_builder_area=\u00a0\u00bbpost_content\u00a0\u00bb][et_pb_video src=\u00a0\u00bbhttps:\/\/youtu.be\/IrpysdMdt1Y?si=nOQoxFFk-kRN6eYa\u00a0\u00bb image_src=\u00a0\u00bb\/\/i.ytimg.com\/vi\/IrpysdMdt1Y\/hqdefault.jpg\u00a0\u00bb play_icon_color=\u00a0\u00bb#F54100&Prime; font_icon=\u00a0\u00bb&#x49;||divi||400&Prime; admin_label=\u00a0\u00bbGamme Grande hauteur \u00a0\u00bb _builder_version=\u00a0\u00bb4.22.2&Prime; _module_preset=\u00a0\u00bbdefault\u00a0\u00bb width=\u00a0\u00bb100%\u00a0\u00bb width_tablet=\u00a0\u00bb57%\u00a0\u00bb width_phone=\u00a0\u00bb57%\u00a0\u00bb width_last_edited=\u00a0\u00bbon|desktop\u00a0\u00bb max_width=\u00a0\u00bb100%\u00a0\u00bb module_alignment=\u00a0\u00bbcenter\u00a0\u00bb global_colors_info=\u00a0\u00bb{}\u00a0\u00bb theme_builder_area=\u00a0\u00bbpost_content\u00a0\u00bb][\/et_pb_video][\/et_pb_column][et_pb_column type=\u00a0\u00bb1_4&Prime; _builder_version=\u00a0\u00bb4.22.2&Prime; _module_preset=\u00a0\u00bbdefault\u00a0\u00bb global_colors_info=\u00a0\u00bb{}\u00a0\u00bb theme_builder_area=\u00a0\u00bbpost_content\u00a0\u00bb][et_pb_video src=\u00a0\u00bbhttps:\/\/youtu.be\/2XrnB2jk9-E?si=eUywMLgQEz19uP5w\u00a0\u00bb image_src=\u00a0\u00bb\/\/i.ytimg.com\/vi\/2XrnB2jk9-E\/hqdefault.jpg\u00a0\u00bb play_icon_color=\u00a0\u00bb#FFFFFF\u00a0\u00bb font_icon=\u00a0\u00bb&#x49;||divi||400&Prime; admin_label=\u00a0\u00bbPr\u00e9sentation Entreprise B.E.G\u00a0\u00bb _builder_version=\u00a0\u00bb4.22.2&Prime; _module_preset=\u00a0\u00bbdefault\u00a0\u00bb width=\u00a0\u00bb100%\u00a0\u00bb width_tablet=\u00a0\u00bb57%\u00a0\u00bb width_phone=\u00a0\u00bb57%\u00a0\u00bb width_last_edited=\u00a0\u00bbon|desktop\u00a0\u00bb max_width=\u00a0\u00bb100%\u00a0\u00bb module_alignment=\u00a0\u00bbcenter\u00a0\u00bb global_colors_info=\u00a0\u00bb{}\u00a0\u00bb theme_builder_area=\u00a0\u00bbpost_content\u00a0\u00bb][\/et_pb_video][\/et_pb_column][\/et_pb_row][et_pb_row column_structure=\u00a0\u00bb1_4,1_4,1_4,1_4&Prime; _builder_version=\u00a0\u00bb4.22.2&Prime; _module_preset=\u00a0\u00bbdefault\u00a0\u00bb module_alignment=\u00a0\u00bbcenter\u00a0\u00bb global_colors_info=\u00a0\u00bb{}\u00a0\u00bb theme_builder_area=\u00a0\u00bbpost_content\u00a0\u00bb][et_pb_column type=\u00a0\u00bb1_4&Prime; _builder_version=\u00a0\u00bb4.22.2&Prime; _module_preset=\u00a0\u00bbdefault\u00a0\u00bb global_colors_info=\u00a0\u00bb{}\u00a0\u00bb theme_builder_area=\u00a0\u00bbpost_content\u00a0\u00bb][dsm_block_reveal_text block_reveal_text=\u00a0\u00bbGamme DACO\u00a0\u00bb block_reveal_animation=\u00a0\u00bbtb\u00a0\u00bb block_reveal_color=\u00a0\u00bb#F54100&Prime; block_reveal_delay=\u00a0\u00bb0.2&Prime; block_reveal_viewport=\u00a0\u00bb51%\u00a0\u00bb _builder_version=\u00a0\u00bb4.22.2&Prime; _module_preset=\u00a0\u00bbdefault\u00a0\u00bb header_text_align=\u00a0\u00bbcenter\u00a0\u00bb header_font_size=\u00a0\u00bb17px\u00a0\u00bb link_option_url=\u00a0\u00bbhttps:\/\/youtu.be\/_qWqbQCpPik?si=6qe44Iv1RFQS0ZeF\u00a0\u00bb global_colors_info=\u00a0\u00bb{}\u00a0\u00bb theme_builder_area=\u00a0\u00bbpost_content\u00a0\u00bb][\/dsm_block_reveal_text][\/et_pb_column][et_pb_column type=\u00a0\u00bb1_4&Prime; _builder_version=\u00a0\u00bb4.22.2&Prime; _module_preset=\u00a0\u00bbdefault\u00a0\u00bb global_colors_info=\u00a0\u00bb{}\u00a0\u00bb theme_builder_area=\u00a0\u00bbpost_content\u00a0\u00bb][dsm_block_reveal_text block_reveal_text=\u00a0\u00bbEclairage Biodynamique\u00a0\u00bb block_reveal_animation=\u00a0\u00bbtb\u00a0\u00bb block_reveal_color=\u00a0\u00bb#F54100&Prime; block_reveal_delay=\u00a0\u00bb0.2&Prime; block_reveal_viewport=\u00a0\u00bb51%\u00a0\u00bb _builder_version=\u00a0\u00bb4.22.2&Prime; _module_preset=\u00a0\u00bbdefault\u00a0\u00bb header_text_align=\u00a0\u00bbcenter\u00a0\u00bb header_font_size=\u00a0\u00bb17px\u00a0\u00bb link_option_url=\u00a0\u00bbhttps:\/\/youtu.be\/lr7NGHFBlfU?si=nf6QZtID8cSLe7rq\u00a0\u00bb global_colors_info=\u00a0\u00bb{}\u00a0\u00bb theme_builder_area=\u00a0\u00bbpost_content\u00a0\u00bb][\/dsm_block_reveal_text][\/et_pb_column][et_pb_column type=\u00a0\u00bb1_4&Prime; _builder_version=\u00a0\u00bb4.22.2&Prime; _module_preset=\u00a0\u00bbdefault\u00a0\u00bb global_colors_info=\u00a0\u00bb{}\u00a0\u00bb theme_builder_area=\u00a0\u00bbpost_content\u00a0\u00bb][dsm_block_reveal_text block_reveal_text=\u00a0\u00bbD\u00e9tection grande hauteur\u00a0\u00bb block_reveal_animation=\u00a0\u00bbtb\u00a0\u00bb block_reveal_color=\u00a0\u00bb#F54100&Prime; block_reveal_delay=\u00a0\u00bb0.2&Prime; block_reveal_viewport=\u00a0\u00bb51%\u00a0\u00bb _builder_version=\u00a0\u00bb4.22.2&Prime; _module_preset=\u00a0\u00bbdefault\u00a0\u00bb header_text_align=\u00a0\u00bbcenter\u00a0\u00bb header_font_size=\u00a0\u00bb17px\u00a0\u00bb link_option_url=\u00a0\u00bbhttps:\/\/youtu.be\/IrpysdMdt1Y?si=nOQoxFFk-kRN6eYa\u00a0\u00bb global_colors_info=\u00a0\u00bb{}\u00a0\u00bb theme_builder_area=\u00a0\u00bbpost_content\u00a0\u00bb][\/dsm_block_reveal_text][\/et_pb_column][et_pb_column type=\u00a0\u00bb1_4&Prime; _builder_version=\u00a0\u00bb4.22.2&Prime; _module_preset=\u00a0\u00bbdefault\u00a0\u00bb global_colors_info=\u00a0\u00bb{}\u00a0\u00bb theme_builder_area=\u00a0\u00bbpost_content\u00a0\u00bb][dsm_block_reveal_text block_reveal_text=\u00a0\u00bbPr\u00e9sentation Soci\u00e9t\u00e9 B.E.G\u00a0\u00bb block_reveal_animation=\u00a0\u00bbtb\u00a0\u00bb block_reveal_color=\u00a0\u00bb#F54100&Prime; block_reveal_delay=\u00a0\u00bb0.2&Prime; block_reveal_viewport=\u00a0\u00bb51%\u00a0\u00bb _builder_version=\u00a0\u00bb4.22.2&Prime; _module_preset=\u00a0\u00bbdefault\u00a0\u00bb header_text_align=\u00a0\u00bbcenter\u00a0\u00bb header_font_size=\u00a0\u00bb17px\u00a0\u00bb link_option_url=\u00a0\u00bbhttps:\/\/youtu.be\/2XrnB2jk9-E?si=eUywMLgQEz19uP5w\u00a0\u00bb global_colors_info=\u00a0\u00bb{}\u00a0\u00bb theme_builder_area=\u00a0\u00bbpost_content\u00a0\u00bb][\/dsm_block_reveal_text][\/et_pb_column][\/et_pb_row][et_pb_row column_structure=\u00a0\u00bb1_2,1_2&Prime; _builder_version=\u00a0\u00bb4.22.2&Prime; _module_preset=\u00a0\u00bbdefault\u00a0\u00bb background_color=\u00a0\u00bb#FFFFFF\u00a0\u00bb global_colors_info=\u00a0\u00bb{}\u00a0\u00bb theme_builder_area=\u00a0\u00bbpost_content\u00a0\u00bb][et_pb_column type=\u00a0\u00bb1_2&Prime; _builder_version=\u00a0\u00bb4.22.2&Prime; _module_preset=\u00a0\u00bbdefault\u00a0\u00bb global_colors_info=\u00a0\u00bb{}\u00a0\u00bb theme_builder_area=\u00a0\u00bbpost_content\u00a0\u00bb][et_pb_cta button_url=\u00a0\u00bbhttps:\/\/www.begfrance.com\u00a0\u00bb button_text=\u00a0\u00bbSite internet\u00a0\u00bb _builder_version=\u00a0\u00bb4.22.2&Prime; _module_preset=\u00a0\u00bbdefault\u00a0\u00bb background_color=\u00a0\u00bb#474747&Prime; min_height=\u00a0\u00bb127px\u00a0\u00bb custom_margin=\u00a0\u00bb||24px|||\u00a0\u00bb global_colors_info=\u00a0\u00bb{}\u00a0\u00bb theme_builder_area=\u00a0\u00bbpost_content\u00a0\u00bb][\/et_pb_cta][\/et_pb_column][et_pb_column type=\u00a0\u00bb1_2&Prime; _builder_version=\u00a0\u00bb4.22.2&Prime; _module_preset=\u00a0\u00bbdefault\u00a0\u00bb global_colors_info=\u00a0\u00bb{}\u00a0\u00bb theme_builder_area=\u00a0\u00bbpost_content\u00a0\u00bb][et_pb_cta button_url=\u00a0\u00bbhttps:\/\/www.beg-tsd.com\/fr\/catalogues\u00a0\u00bb button_text=\u00a0\u00bbT\u00e9l\u00e9charger les documentations\u00a0\u00bb _builder_version=\u00a0\u00bb4.22.2&Prime; _module_preset=\u00a0\u00bbdefault\u00a0\u00bb background_color=\u00a0\u00bb#474747&Prime; locked=\u00a0\u00bboff\u00a0\u00bb global_colors_info=\u00a0\u00bb{}\u00a0\u00bb theme_builder_area=\u00a0\u00bbpost_content\u00a0\u00bb][\/et_pb_cta][\/et_pb_column][\/et_pb_row][\/et_pb_section]<\/p>\n","protected":false},"excerpt":{"rendered":"<p><div class=\"et_pb_module dsm_text_divider dsm_text_divider_0\">\n\t\t\t\t\n\t\t\t\t\n\t\t\t\t\n\t\t\t\t\n\t\t\t\t\n\t\t\t\t\n\t\t\t\t<div class=\"et_pb_module_inner\">\n\t\t\t\t\t<div class=\"dsm-text-divider-wrapper dsm-text-divider-align-center et_pb_bg_layout_light\">\n\t\t\t\t\n\t\t\t\t\n\t\t\t\t<div class=\"dsm-text-divider-before dsm-divider\"><\/div>\n\t\t\t\t<h3 class=\"dsm-text-divider-header et_pb_module_header\"><span>B.E.G: sp\u00e9cialiste des syst\u00e8mes de gestion de l\u2019\u00e9clairage<\/span><\/h3>\n\t\t\t\t<div class=\"dsm-text-divider-after dsm-divider\"><\/div>\n\t\t\t<\/div>\n\t\t\t\t<\/div>\n\t\t\t<\/div><div class=\"et_pb_module dsm_advanced_tabs dsm_advanced_tabs_0\">\n\t\t\t\t\n\t\t\t\t\n\t\t\t\t\n\t\t\t\t\n\t\t\t\t\n\t\t\t\t\n\t\t\t\t<div class=\"et_pb_module_inner\">\n\t\t\t\t\t<div class=\"dsm-advanced-tabs-container\" data-trigger=\"click\" data-animation=\"none\" data-inner_animation=\"none\" data-deep_link=\"off\" data-image_lightbox=\"on\" data-auto_scroll_mobile=\"on\" data-anchor_link=\"off\">\n\t\t\t\t    <div class=\"dsm-advanced-tabs-wrapper\" role=\"tablist\"><\/div>\n\t\t\t\t <div class=\"dsm-advanced-tabs-content-wrapper\">\n\t\t\t\t    \n\t\t\t\t <\/div>\n\t\t     <\/div>\n\t\t    \n\t\t\t\t<\/div>\n\t\t\t<\/div><div class=\"dsm-advanced-tab-item-wrapper dsm_advanced_tabs_child_0\">\n\t\t\t\t<\/div>\n\t\t\t<\/p>\n","protected":false},"author":1,"featured_media":0,"parent":451,"menu_order":3,"comment_status":"closed","ping_status":"closed","template":"","meta":{"_et_pb_use_builder":"on","_et_pb_old_content":"","_et_gb_content_width":"","om_disable_all_campaigns":false,"_monsterinsights_skip_tracking":false,"_monsterinsights_sitenote_active":false,"_monsterinsights_sitenote_note":"","_monsterinsights_sitenote_category":0,"footnotes":""},"class_list":["post-3343","page","type-page","status-publish","hentry"],"aioseo_notices":[],"_links":{"self":[{"href":"https:\/\/agenceclerc.com\/index.php\/wp-json\/wp\/v2\/pages\/3343","targetHints":{"allow":["GET"]}}],"collection":[{"href":"https:\/\/agenceclerc.com\/index.php\/wp-json\/wp\/v2\/pages"}],"about":[{"href":"https:\/\/agenceclerc.com\/index.php\/wp-json\/wp\/v2\/types\/page"}],"author":[{"embeddable":true,"href":"https:\/\/agenceclerc.com\/index.php\/wp-json\/wp\/v2\/users\/1"}],"replies":[{"embeddable":true,"href":"https:\/\/agenceclerc.com\/index.php\/wp-json\/wp\/v2\/comments?post=3343"}],"version-history":[{"count":4,"href":"https:\/\/agenceclerc.com\/index.php\/wp-json\/wp\/v2\/pages\/3343\/revisions"}],"predecessor-version":[{"id":4427,"href":"https:\/\/agenceclerc.com\/index.php\/wp-json\/wp\/v2\/pages\/3343\/revisions\/4427"}],"up":[{"embeddable":true,"href":"https:\/\/agenceclerc.com\/index.php\/wp-json\/wp\/v2\/pages\/451"}],"wp:attachment":[{"href":"https:\/\/agenceclerc.com\/index.php\/wp-json\/wp\/v2\/media?parent=3343"}],"curies":[{"name":"wp","href":"https:\/\/api.w.org\/{rel}","templated":true}]}}