{"id":3365,"date":"2024-03-19T13:11:01","date_gmt":"2024-03-19T12:11:01","guid":{"rendered":"https:\/\/agenceclerc.com\/?page_id=3365"},"modified":"2026-04-01T11:27:20","modified_gmt":"2026-04-01T09:27:20","slug":"gammeberomet","status":"publish","type":"page","link":"https:\/\/agenceclerc.com\/index.php\/nos-fabricants\/gammeberomet\/","title":{"rendered":"BEROMET"},"content":{"rendered":"<p>[et_pb_section fb_built=\u00a0\u00bb1&Prime; admin_label=\u00a0\u00bbBeromet\u00a0\u00bb module_id=\u00a0\u00bbgammeberomet\u00a0\u00bb _builder_version=\u00a0\u00bb4.22.2&Prime; background_color=\u00a0\u00bb#f7f7f7&Prime; min_height=\u00a0\u00bb1416px\u00a0\u00bb overflow-x=\u00a0\u00bbhidden\u00a0\u00bb overflow-y=\u00a0\u00bbhidden\u00a0\u00bb custom_padding=\u00a0\u00bb||0px|||\u00a0\u00bb top_divider_color=\u00a0\u00bbrgba(0,0,0,0.53)\u00a0\u00bb top_divider_height=\u00a0\u00bb54px\u00a0\u00bb hover_transition_duration=\u00a0\u00bb0ms\u00a0\u00bb motion_trigger_start=\u00a0\u00bbtop\u00a0\u00bb hover_enabled=\u00a0\u00bb0&Prime; saved_tabs=\u00a0\u00bball\u00a0\u00bb global_colors_info=\u00a0\u00bb{}\u00a0\u00bb sticky_enabled=\u00a0\u00bb0&Prime;][et_pb_row _builder_version=\u00a0\u00bb4.22.2&Prime; _module_preset=\u00a0\u00bbdefault\u00a0\u00bb hover_enabled=\u00a0\u00bb0&Prime; global_colors_info=\u00a0\u00bb{}\u00a0\u00bb sticky_enabled=\u00a0\u00bb0&Prime;][et_pb_column type=\u00a0\u00bb4_4&Prime; module_id=\u00a0\u00bb#tempa\u00a0\u00bb _builder_version=\u00a0\u00bb4.22.2&Prime; _module_preset=\u00a0\u00bbdefault\u00a0\u00bb background_enable_image=\u00a0\u00bboff\u00a0\u00bb link_option_url=\u00a0\u00bb#tempa\u00a0\u00bb global_colors_info=\u00a0\u00bb{}\u00a0\u00bb][dsm_text_divider header=\u00a0\u00bbBeromet : appareillage \u00e9lectrique basse tension\u00a0\u00bb color=\u00a0\u00bb#ff0a0a\u00a0\u00bb _builder_version=\u00a0\u00bb4.22.2&Prime; _module_preset=\u00a0\u00bbdefault\u00a0\u00bb global_colors_info=\u00a0\u00bb{}\u00a0\u00bb][\/dsm_text_divider][dsm_advanced_tabs dsm_tabs_layout=\u00a0\u00bbvertical\u00a0\u00bb dsm_tabs_wrapper_width=\u00a0\u00bb0%\u00a0\u00bb _builder_version=\u00a0\u00bb4.22.2&Prime; _module_preset=\u00a0\u00bbdefault\u00a0\u00bb background_color=\u00a0\u00bb#2a70d3&Prime; background_enable_image=\u00a0\u00bboff\u00a0\u00bb parallax=\u00a0\u00bbon\u00a0\u00bb global_colors_info=\u00a0\u00bb{}\u00a0\u00bb][dsm_advanced_tabs_child admin_title=\u00a0\u00bbBeromet\u00a0\u00bb dsm_title=\u00a0\u00bbBeromet\u00a0\u00bb dsm_subtitle=\u00a0\u00bbSp\u00e9cialiste de la fabrication d&rsquo;appareillage \u00e9lectrique basse tension et d&rsquo;outillage de s\u00e9curit\u00e9\u00a0\u00bb dsm_use_icon_image=\u00a0\u00bbon\u00a0\u00bb dsm_use_icon=\u00a0\u00bbon\u00a0\u00bb font_icon=\u00a0\u00bb&#xe038;||divi||400&Prime; dsm_content_title=\u00a0\u00bbBeromet\u00a0\u00bb dsm_content=\u00a0\u00bb<\/p>\n<div class=%22elementor-element elementor-element-223e94d elementor-widget elementor-widget-text-editor%22 data-id=%22223e94d%22 data-element_type=%22widget%22 data-widget_type=%22text-editor.default%22>\n<div class=%22elementor-widget-container%22>Cr\u00e9e en 1948, la soci\u00e9t\u00e9 Beromet est sp\u00e9cialis\u00e9e dans la fabrication d\u2019appareillage \u00e9lectrique basse tension et d\u2019outillage de s\u00e9curit\u00e9.<\/div>\n<div class=%22elementor-widget-container%22><\/div>\n<\/div>\n<div class=%22elementor-element elementor-element-4d377df elementor-widget elementor-widget-text-editor%22 data-id=%224d377df%22 data-element_type=%22widget%22 data-widget_type=%22text-editor.default%22>\n<div class=%22elementor-widget-container%22>La premi\u00e8re gamme de mat\u00e9riels couvre tous les besoins des installations \u00e9lectriques basse tension.<\/div>\n<div class=%22elementor-widget-container%22><\/div>\n<div class=%22elementor-widget-container%22>La deuxi\u00e8me gamme de produits couvre la s\u00e9curit\u00e9 des personnes, la r\u00e9alimentation des ouvrages \u00e9lectriques et les travaux sous tension. Ces derniers ont permis \u00e0 Beromet de devenir leader dans ce domaine depuis pr\u00e8s de 50 ans, en \u00e9tant notamment pr\u00e9curseur pour la connectique \u201cM12\u201d.<\/div>\n<\/div>\n<p>\u00a0\u00bb button_url=\u00a0\u00bbhttps:\/\/beromet.fr\u00a0\u00bb _builder_version=\u00a0\u00bb4.22.2&Prime; _module_preset=\u00a0\u00bbdefault\u00a0\u00bb global_colors_info=\u00a0\u00bb{}\u00a0\u00bb parentOrderClass=\u00a0\u00bbdsm_advanced_tabs_0&Prime;][\/dsm_advanced_tabs_child][\/dsm_advanced_tabs][\/et_pb_column][\/et_pb_row][et_pb_row use_custom_gutter=\u00a0\u00bbon\u00a0\u00bb gutter_width=\u00a0\u00bb2&Prime; _builder_version=\u00a0\u00bb4.22.2&Prime; _module_preset=\u00a0\u00bbdefault\u00a0\u00bb global_colors_info=\u00a0\u00bb{}\u00a0\u00bb][et_pb_column type=\u00a0\u00bb4_4&Prime; _builder_version=\u00a0\u00bb4.22.2&Prime; _module_preset=\u00a0\u00bbdefault\u00a0\u00bb hover_transition_duration=\u00a0\u00bb200ms\u00a0\u00bb motion_trigger_start=\u00a0\u00bbtop\u00a0\u00bb global_colors_info=\u00a0\u00bb{}\u00a0\u00bb][dsm_masonry_gallery gallery_ids=\u00a0\u00bb718,2974,2973&Prime; dsm_sort_images_order=\u00a0\u00bbrand\u00a0\u00bb columns=\u00a0\u00bb2&Prime; gutter=\u00a0\u00bb6&Prime; use_overlay=\u00a0\u00bbon\u00a0\u00bb overlay_description=\u00a0\u00bboff\u00a0\u00bb use_lightbox=\u00a0\u00bbon\u00a0\u00bb overlay_color=\u00a0\u00bbrgba(0,0,0,0.53)\u00a0\u00bb use_zoom_on_hover=\u00a0\u00bbon\u00a0\u00bb _builder_version=\u00a0\u00bb4.22.2&Prime; _module_preset=\u00a0\u00bbdefault\u00a0\u00bb image_title_level=\u00a0\u00bbh3&Prime; image_title_font=\u00a0\u00bbPoppins||||||||\u00a0\u00bb image_title_text_color=\u00a0\u00bb#FF6D00&Prime; image_title_font_size=\u00a0\u00bb20px\u00a0\u00bb image_caption_text_color=\u00a0\u00bb#FFFFFF\u00a0\u00bb image_caption_font_size=\u00a0\u00bb12px\u00a0\u00bb image_desc_text_color=\u00a0\u00bb#FFFFFF\u00a0\u00bb image_desc_font_size=\u00a0\u00bb12px\u00a0\u00bb link_option_url=\u00a0\u00bbhttps:\/\/beromet.fr\/produits\/\u00a0\u00bb image_title_font_size_phone=\u00a0\u00bb12px\u00a0\u00bb image_title_font_size_last_edited=\u00a0\u00bboff|phone\u00a0\u00bb image_caption_font_size_tablet=\u00a0\u00bb12px\u00a0\u00bb image_caption_font_size_phone=\u00a0\u00bb10px\u00a0\u00bb image_caption_font_size_last_edited=\u00a0\u00bbon|phone\u00a0\u00bb image_desc_font_size_tablet=\u00a0\u00bb9px\u00a0\u00bb image_desc_font_size_phone=\u00a0\u00bb10px\u00a0\u00bb image_desc_font_size_last_edited=\u00a0\u00bbon|desktop\u00a0\u00bb global_colors_info=\u00a0\u00bb{}\u00a0\u00bb][\/dsm_masonry_gallery][\/et_pb_column][\/et_pb_row][et_pb_row column_structure=\u00a0\u00bb1_2,1_2&Prime; _builder_version=\u00a0\u00bb4.22.2&Prime; _module_preset=\u00a0\u00bbdefault\u00a0\u00bb global_colors_info=\u00a0\u00bb{}\u00a0\u00bb][et_pb_column type=\u00a0\u00bb1_2&Prime; _builder_version=\u00a0\u00bb4.22.2&Prime; _module_preset=\u00a0\u00bbdefault\u00a0\u00bb custom_css_main_element=\u00a0\u00bbalign-self: center;\u00a0\u00bb global_colors_info=\u00a0\u00bb{}\u00a0\u00bb][et_pb_cta button_url=\u00a0\u00bbhttps:\/\/beromet.fr\u00a0\u00bb button_text=\u00a0\u00bbSite internet\u00a0\u00bb _builder_version=\u00a0\u00bb4.22.2&Prime; _module_preset=\u00a0\u00bbdefault\u00a0\u00bb background_color=\u00a0\u00bb#2a70d3&Prime; min_height=\u00a0\u00bb127px\u00a0\u00bb custom_margin=\u00a0\u00bb||24px|||\u00a0\u00bb global_colors_info=\u00a0\u00bb{}\u00a0\u00bb][\/et_pb_cta][\/et_pb_column][et_pb_column type=\u00a0\u00bb1_2&Prime; _builder_version=\u00a0\u00bb4.22.2&Prime; _module_preset=\u00a0\u00bbdefault\u00a0\u00bb custom_css_main_element=\u00a0\u00bbalign-self: center;\u00a0\u00bb global_colors_info=\u00a0\u00bb{}\u00a0\u00bb][et_pb_cta button_url=\u00a0\u00bbhttps:\/\/beromet.fr\/catalogues\/\u00a0\u00bb button_text=\u00a0\u00bbT\u00e9l\u00e9charger les documentations\u00a0\u00bb _builder_version=\u00a0\u00bb4.22.2&Prime; _module_preset=\u00a0\u00bbdefault\u00a0\u00bb background_color=\u00a0\u00bb#2a70d3&Prime; locked=\u00a0\u00bboff\u00a0\u00bb global_colors_info=\u00a0\u00bb{}\u00a0\u00bb][\/et_pb_cta][\/et_pb_column][\/et_pb_row][\/et_pb_section]<\/p>\n","protected":false},"excerpt":{"rendered":"<p><div class=\"et_pb_module dsm_text_divider dsm_text_divider_0\">\n\t\t\t\t\n\t\t\t\t\n\t\t\t\t\n\t\t\t\t\n\t\t\t\t\n\t\t\t\t\n\t\t\t\t<div class=\"et_pb_module_inner\">\n\t\t\t\t\t<div class=\"dsm-text-divider-wrapper dsm-text-divider-align-center et_pb_bg_layout_light\">\n\t\t\t\t\n\t\t\t\t\n\t\t\t\t<div class=\"dsm-text-divider-before dsm-divider\"><\/div>\n\t\t\t\t<h3 class=\"dsm-text-divider-header et_pb_module_header\"><span>Beromet : appareillage \u00e9lectrique basse tension<\/span><\/h3>\n\t\t\t\t<div class=\"dsm-text-divider-after dsm-divider\"><\/div>\n\t\t\t<\/div>\n\t\t\t\t<\/div>\n\t\t\t<\/div><div class=\"et_pb_module dsm_advanced_tabs dsm_advanced_tabs_0\">\n\t\t\t\t\n\t\t\t\t\n\t\t\t\t\n\t\t\t\t\n\t\t\t\t\n\t\t\t\t\n\t\t\t\t<div class=\"et_pb_module_inner\">\n\t\t\t\t\t<div class=\"dsm-advanced-tabs-container\" data-trigger=\"click\" data-animation=\"none\" data-inner_animation=\"none\" data-deep_link=\"off\" data-image_lightbox=\"off\" data-auto_scroll_mobile=\"off\" data-anchor_link=\"off\">\n\t\t\t\t    <div class=\"dsm-advanced-tabs-wrapper\" role=\"tablist\"><div id=\"dsm-tab-0 \" class=\"dsm-tab dsm_advanced_tabs_child_0\" role=\"tab\"  aria-selected=\"true\" aria-controls=\"dsm-panel-0\" tabindex=\"0\">\n\t\t\t     <div class=\"dsm-icon-wrapper\"><span class=\"dsm_icon\">\ue038<\/span><\/div>\n\t\t\t     \n\t\t\t\t \n\t\t\t\t  \n\t\t\t\t <div class=\"dsm-title-wrapper\">\n\t\t\t     <div class=\"dsm-title\">Beromet<\/div>\n\t\t\t\t \n\t\t\t\t <div class=\"dsm-tab-subtitle\">Sp\u00e9cialiste de la fabrication d'appareillage \u00e9lectrique basse tension et d'outillage de s\u00e9curit\u00e9<\/div>\n\t\t\t\t \n\t\t\t\t <\/div>\n\t\t\t  <\/div>\n\t\t<\/div>\n\t\t\t\t <div class=\"dsm-advanced-tabs-content-wrapper\">\n\t\t\t\t    <div id=\"dsm-panel-0 \" class=\"dsm-content-wrapper dsm_advanced_tabs_child_0 animated\" aria-labelledby=\"dsm-tab-0\">\n\t\t\t\t<div class=\"dsm-inner-content-wrapper\">  \n\t\t\t\t\t\n\t\t\t\t\t\n\t\t\t\t\t<div class=\"dsm-inner-content\"> \n\t\t\t\t\t\t<h2 class=\"dsm-title\">Beromet<\/h2>\n\t\t\t\t\t\t<div class=\"dsm-content\"> Cr\u00e9e en 1948, la soci\u00e9t\u00e9 Beromet est sp\u00e9cialis\u00e9e dans la fabrication d\u2019appareillage \u00e9lectrique basse tension et d\u2019outillage de s\u00e9curit\u00e9. La premi\u00e8re gamme de mat\u00e9riels couvre tous les besoins des installations \u00e9lectriques basse tension. La deuxi\u00e8me gamme de produits couvre la s\u00e9curit\u00e9 des personnes, la r\u00e9alimentation des ouvrages \u00e9lectriques et les travaux sous tension. Ces derniers ont permis \u00e0 Beromet de devenir leader dans ce domaine depuis pr\u00e8s de 50 ans, en \u00e9tant notamment pr\u00e9curseur pour la connectique \u201cM12\u201d. <\/div>\n\t\t\t\t\t\t\n\t\t\t\t\t<\/div>\n\t\t\t\t<\/div>\n\t\t   <\/div>\n\t\t\t\t <\/div>\n\t\t     <\/div>\n\t\t    \n\t\t\t\t<\/div>\n\t\t\t<\/div><div class=\"et_pb_module dsm_masonry_gallery dsm_masonry_gallery_0 et_clickable\">\n\t\t\t\t\n\t\t\t\t\n\t\t\t\t\n\t\t\t\t\n\t\t\t\t\n\t\t\t\t\n\t\t\t\t<div class=\"et_pb_module_inner\">\n\t\t\t\t\t<div class=\"dsm-gallery grid dsm_masonry_zoom_hover\" data-lightbox=\"true\" data-horizontalorder=\"true\">\n                <div class=\"grid-sizer\"><\/div><div class=\"gutter-sizer\"><\/div><div class=\"grid-item\">\n                    <a href=\"https:\/\/agenceclerc.com\/wp-content\/uploads\/2024\/03\/Presentation-BEROMET-min-scaled.jpg\"  data-title='Pr\u00e9sentation BEROMET-min'  data-caption='' data-mfp-src=\"https:\/\/agenceclerc.com\/wp-content\/uploads\/2024\/03\/Presentation-BEROMET-min-scaled.jpg\">\n                        <div class=\"et_pb_image_wrap\">\n                            <img loading=\"lazy\" decoding=\"async\" src=\"https:\/\/agenceclerc.com\/wp-content\/uploads\/2024\/03\/Presentation-BEROMET-min-scaled.jpg\" title=\"Pr\u00e9sentation BEROMET-min\" alt=\"\" class=\"dsm-skip-lazyload\" srcset=\"https:\/\/agenceclerc.com\/wp-content\/uploads\/2024\/03\/Presentation-BEROMET-min-scaled.jpg 1810w, https:\/\/agenceclerc.com\/wp-content\/uploads\/2024\/03\/Presentation-BEROMET-min-scaled-1280x1810.jpg 1280w, https:\/\/agenceclerc.com\/wp-content\/uploads\/2024\/03\/Presentation-BEROMET-min-scaled-980x1386.jpg 980w, https:\/\/agenceclerc.com\/wp-content\/uploads\/2024\/03\/Presentation-BEROMET-min-scaled-480x679.jpg 480w\" sizes=\"auto, (min-width: 0px) and (max-width: 480px) 480px, (min-width: 481px) and (max-width: 980px) 980px, (min-width: 981px) and (max-width: 1280px) 1280px, (min-width: 1281px) 1810px, 100vw\" width=\"1810\" height=\"2560\" \/>\n                            <span class=\"et_overlay dsm-overlay\">\n                        <div class=\"dsm-overlay-inner\">\n                            <h3 class=\"dsm-overlay-title\">\n                    Pr\u00e9sentation BEROMET-min\n                <\/h3>\n                            <p class=\"dsm-overlay-caption\">\n                    \n                <\/p>\n\t\t\t\t\t\t\t\n                        <\/div>\n                    <\/span>\n                        <\/div>\n                    <\/a>\n                <\/div><div class=\"grid-item\">\n                    <a href=\"https:\/\/agenceclerc.com\/wp-content\/uploads\/2024\/03\/Presentation-coffrets-BPS-min-scaled.jpg\"  data-title='Pr\u00e9sentation coffrets BPS-min'  data-caption='' data-mfp-src=\"https:\/\/agenceclerc.com\/wp-content\/uploads\/2024\/03\/Presentation-coffrets-BPS-min-scaled.jpg\">\n                        <div class=\"et_pb_image_wrap\">\n                            <img loading=\"lazy\" decoding=\"async\" src=\"https:\/\/agenceclerc.com\/wp-content\/uploads\/2024\/03\/Presentation-coffrets-BPS-min-scaled.jpg\" title=\"Pr\u00e9sentation coffrets BPS-min\" alt=\"\" class=\"dsm-skip-lazyload\" srcset=\"https:\/\/agenceclerc.com\/wp-content\/uploads\/2024\/03\/Presentation-coffrets-BPS-min-scaled.jpg 1810w, https:\/\/agenceclerc.com\/wp-content\/uploads\/2024\/03\/Presentation-coffrets-BPS-min-1280x1810.jpg 1280w, https:\/\/agenceclerc.com\/wp-content\/uploads\/2024\/03\/Presentation-coffrets-BPS-min-980x1386.jpg 980w, https:\/\/agenceclerc.com\/wp-content\/uploads\/2024\/03\/Presentation-coffrets-BPS-min-480x679.jpg 480w\" sizes=\"auto, (min-width: 0px) and (max-width: 480px) 480px, (min-width: 481px) and (max-width: 980px) 980px, (min-width: 981px) and (max-width: 1280px) 1280px, (min-width: 1281px) 1810px, 100vw\" width=\"1810\" height=\"2560\" \/>\n                            <span class=\"et_overlay dsm-overlay\">\n                        <div class=\"dsm-overlay-inner\">\n                            <h3 class=\"dsm-overlay-title\">\n                    Pr\u00e9sentation coffrets BPS-min\n                <\/h3>\n                            <p class=\"dsm-overlay-caption\">\n                    \n                <\/p>\n\t\t\t\t\t\t\t\n                        <\/div>\n                    <\/span>\n                        <\/div>\n                    <\/a>\n                <\/div>\n             <\/div>\n\t\t\t\t<\/div>\n\t\t\t<\/div><\/p>\n","protected":false},"author":1,"featured_media":0,"parent":451,"menu_order":4,"comment_status":"closed","ping_status":"closed","template":"","meta":{"_et_pb_use_builder":"on","_et_pb_old_content":"","_et_gb_content_width":"","om_disable_all_campaigns":false,"_monsterinsights_skip_tracking":false,"_monsterinsights_sitenote_active":false,"_monsterinsights_sitenote_note":"","_monsterinsights_sitenote_category":0,"footnotes":""},"class_list":["post-3365","page","type-page","status-publish","hentry"],"aioseo_notices":[],"_links":{"self":[{"href":"https:\/\/agenceclerc.com\/index.php\/wp-json\/wp\/v2\/pages\/3365","targetHints":{"allow":["GET"]}}],"collection":[{"href":"https:\/\/agenceclerc.com\/index.php\/wp-json\/wp\/v2\/pages"}],"about":[{"href":"https:\/\/agenceclerc.com\/index.php\/wp-json\/wp\/v2\/types\/page"}],"author":[{"embeddable":true,"href":"https:\/\/agenceclerc.com\/index.php\/wp-json\/wp\/v2\/users\/1"}],"replies":[{"embeddable":true,"href":"https:\/\/agenceclerc.com\/index.php\/wp-json\/wp\/v2\/comments?post=3365"}],"version-history":[{"count":7,"href":"https:\/\/agenceclerc.com\/index.php\/wp-json\/wp\/v2\/pages\/3365\/revisions"}],"predecessor-version":[{"id":4049,"href":"https:\/\/agenceclerc.com\/index.php\/wp-json\/wp\/v2\/pages\/3365\/revisions\/4049"}],"up":[{"embeddable":true,"href":"https:\/\/agenceclerc.com\/index.php\/wp-json\/wp\/v2\/pages\/451"}],"wp:attachment":[{"href":"https:\/\/agenceclerc.com\/index.php\/wp-json\/wp\/v2\/media?parent=3365"}],"curies":[{"name":"wp","href":"https:\/\/api.w.org\/{rel}","templated":true}]}}