{"id":3388,"date":"2024-03-19T15:31:10","date_gmt":"2024-03-19T14:31:10","guid":{"rendered":"https:\/\/agenceclerc.com\/?page_id=3388"},"modified":"2026-04-01T11:59:50","modified_gmt":"2026-04-01T09:59:50","slug":"gammeleadsun","status":"publish","type":"page","link":"https:\/\/agenceclerc.com\/index.php\/nos-fabricants\/gammeleadsun\/","title":{"rendered":"LEADSUN"},"content":{"rendered":"<p>[et_pb_section fb_built=\u00a0\u00bb1&Prime; admin_label=\u00a0\u00bbOLEV\u00a0\u00bb module_id=\u00a0\u00bbgammeleadsun\u00a0\u00bb _builder_version=\u00a0\u00bb4.22.2&Prime; background_color=\u00a0\u00bb#f7f7f7&Prime; min_height=\u00a0\u00bb1416px\u00a0\u00bb overflow-x=\u00a0\u00bbhidden\u00a0\u00bb overflow-y=\u00a0\u00bbhidden\u00a0\u00bb custom_padding=\u00a0\u00bb||0px|||\u00a0\u00bb top_divider_style=\u00a0\u00bbarrow2&Prime; top_divider_color=\u00a0\u00bb#9e9e9e\u00a0\u00bb top_divider_height=\u00a0\u00bb24px\u00a0\u00bb hover_transition_duration=\u00a0\u00bb0ms\u00a0\u00bb motion_trigger_start=\u00a0\u00bbtop\u00a0\u00bb hover_enabled=\u00a0\u00bb0&Prime; global_module=\u00a0\u00bb3263&Prime; saved_tabs=\u00a0\u00bball\u00a0\u00bb global_colors_info=\u00a0\u00bb{}\u00a0\u00bb sticky_enabled=\u00a0\u00bb0&Prime;][et_pb_row _builder_version=\u00a0\u00bb4.22.2&Prime; _module_preset=\u00a0\u00bbdefault\u00a0\u00bb hover_enabled=\u00a0\u00bb0&Prime; global_colors_info=\u00a0\u00bb{}\u00a0\u00bb module_id=\u00a0\u00bbgammeleadsun\u00a0\u00bb sticky_enabled=\u00a0\u00bb0&Prime;][et_pb_column type=\u00a0\u00bb4_4&Prime; module_id=\u00a0\u00bb#arkoslight\u00a0\u00bb _builder_version=\u00a0\u00bb4.22.2&Prime; _module_preset=\u00a0\u00bbdefault\u00a0\u00bb background_enable_image=\u00a0\u00bboff\u00a0\u00bb link_option_url=\u00a0\u00bb#arkoslight\u00a0\u00bb global_colors_info=\u00a0\u00bb{}\u00a0\u00bb][dsm_text_divider header=\u00a0\u00bbLeadsun : \u00e9clairage solaire intelligent\u00a0\u00bb color=\u00a0\u00bb#ff0a0a\u00a0\u00bb module_id=\u00a0\u00bbgammeleadsun\u00a0\u00bb _builder_version=\u00a0\u00bb4.22.2&Prime; _module_preset=\u00a0\u00bbdefault\u00a0\u00bb global_colors_info=\u00a0\u00bb{}\u00a0\u00bb][\/dsm_text_divider][dsm_advanced_tabs dsm_tabs_layout=\u00a0\u00bbvertical\u00a0\u00bb dsm_tabs_wrapper_width=\u00a0\u00bb0%\u00a0\u00bb _builder_version=\u00a0\u00bb4.22.2&Prime; _module_preset=\u00a0\u00bbdefault\u00a0\u00bb background_color=\u00a0\u00bb#ea2228&Prime; background_enable_image=\u00a0\u00bboff\u00a0\u00bb global_colors_info=\u00a0\u00bb{}\u00a0\u00bb][dsm_advanced_tabs_child dsm_title=\u00a0\u00bbLeadsun\u00a0\u00bb dsm_subtitle=\u00a0\u00bb\u00c9clairage solaire LED \u00a0\u00bb dsm_use_icon_image=\u00a0\u00bbon\u00a0\u00bb dsm_use_icon=\u00a0\u00bbon\u00a0\u00bb font_icon=\u00a0\u00bb&#xf5ba;||fa||900&Prime; dsm_content_title=\u00a0\u00bbLeadsun\u00a0\u00bb dsm_content=\u00a0\u00bb<\/p>\n<p><a href=%22https:\/\/www.leadsun-eclairage-solaire.fr\/%22>Leadsun <\/a>est un acteur international reconnu dans le domaine de l\u2019\u00e9clairage solaire LED autonome. Depuis plus de 15 ans, Leadsun con\u00e7oit des solutions innovantes permettant d\u2019\u00e9clairer efficacement les espaces ext\u00e9rieurs sans raccordement au r\u00e9seau \u00e9lectrique. Pr\u00e9sente dans plus de 100 pays, la marque s\u2019impose comme une r\u00e9f\u00e9rence pour les projets d\u2019\u00e9clairage public, urbain et industriel.<\/p>\n<h3 data-section-id=%22hc3tzs%22 data-start=%221035%22 data-end=%221087%22>Les solutions Leadsun r\u00e9pondent aux enjeux actuels des collectivit\u00e9s et des professionnels :<\/h3>\n<p><strong>Autonomie \u00e9nerg\u00e9tique totale :<\/strong><\/p>\n<ul>\n<li data-section-id=%225crxbm%22 data-start=%221218%22 data-end=%221249%22>Fonctionnement 100% solaire<\/li>\n<li data-section-id=%221jmwcn5%22 data-start=%221250%22 data-end=%221279%22>Aucun c\u00e2blage ni tranch\u00e9e<\/li>\n<li data-section-id=%221mavi6n%22 data-start=%221280%22 data-end=%221317%22>Installation rapide et simplifi\u00e9e<\/li>\n<\/ul>\n<p><strong>R\u00e9duction des co\u00fbts :<\/strong><\/p>\n<ul data-start=%221346%22 data-end=%221441%22>\n<li data-section-id=%22uc9g4f%22 data-start=%221346%22 data-end=%221378%22>Pas de facture d\u2019\u00e9lectricit\u00e9<\/li>\n<li data-section-id=%221juc1uv%22 data-start=%221379%22 data-end=%221402%22>Maintenance r\u00e9duite<\/li>\n<li data-section-id=%221527vae%22 data-start=%221403%22 data-end=%221441%22>Retour sur investissement optimis\u00e9<\/li>\n<\/ul>\n<p><strong>Solution \u00e9cologique :<\/strong><\/p>\n<ul>\n<li style=%22list-style-type: none;%22>\n<ul data-start=%221470%22 data-end=%221572%22>\n<li data-section-id=%221ilskl%22 data-start=%221470%22 data-end=%221494%22>\u00c9nergie renouvelable<\/li>\n<li data-section-id=%221w9izme%22 data-start=%221495%22 data-end=%221529%22>R\u00e9duction des \u00e9missions de CO\u2082<\/li>\n<li data-section-id=%2214a0v9h%22 data-start=%221530%22 data-end=%221572%22>Limitation de l\u2019impact environnemental<\/li>\n<\/ul>\n<\/li>\n<\/ul>\n<p><strong>Les lampadaires solaires Leadsun int\u00e8grent des technologies avanc\u00e9es :<\/strong><\/p>\n<ul data-start=%221744%22 data-end=%222182%22>\n<li data-section-id=%221oyvf6v%22 data-start=%221744%22 data-end=%221825%22><strong data-start=%221749%22 data-end=%221778%22>Batteries Lithium LiFePO4<\/strong>\u2192 longue dur\u00e9e de vie et haute fiabilit\u00e9<\/li>\n<li data-section-id=%225sax5d%22 data-start=%221827%22 data-end=%221937%22><strong data-start=%221832%22 data-end=%221877%22>Panneaux photovolta\u00efques haute efficacit\u00e9<\/strong>\u2192 production optimis\u00e9e m\u00eame par faible ensoleillement<\/li>\n<li data-section-id=%22h6duvl%22 data-start=%221939%22 data-end=%222023%22><strong data-start=%221944%22 data-end=%221984%22>LED haute performance (CREE \/ OSRAM)<\/strong>\u2192 \u00e9clairage puissant et homog\u00e8ne<\/li>\n<li data-section-id=%22cka0d9%22 data-start=%222025%22 data-end=%222100%22><strong data-start=%222030%22 data-end=%222061%22>Contr\u00f4leur intelligent MPPT<\/strong>\u2192 gestion optimis\u00e9e de l\u2019\u00e9nergie<\/li>\n<li data-section-id=%22u3n3oj%22 data-start=%222102%22 data-end=%222182%22><strong data-start=%222107%22 data-end=%222132%22>Syst\u00e8mes \u201cAll-in-One\u201d<\/strong>\u2192 installation simplifi\u00e9e et design compact<\/li>\n<\/ul>\n<p>R\u00e9sultat : un <strong data-start=%222201%22 data-end=%222252%22>\u00e9clairage solaire performant, fiable et durable<\/strong>, m\u00eame dans des conditions exigeantes.<\/p>\n<p>\u00a0\u00bb _builder_version=\u00a0\u00bb4.22.2&Prime; _module_preset=\u00a0\u00bbdefault\u00a0\u00bb global_colors_info=\u00a0\u00bb{}\u00a0\u00bb parentOrderClass=\u00a0\u00bbdsm_advanced_tabs_0&Prime;][\/dsm_advanced_tabs_child][\/dsm_advanced_tabs][\/et_pb_column][\/et_pb_row][et_pb_row use_custom_gutter=\u00a0\u00bbon\u00a0\u00bb gutter_width=\u00a0\u00bb2&Prime; _builder_version=\u00a0\u00bb4.22.2&Prime; _module_preset=\u00a0\u00bbdefault\u00a0\u00bb global_colors_info=\u00a0\u00bb{}\u00a0\u00bb][et_pb_column type=\u00a0\u00bb4_4&Prime; _builder_version=\u00a0\u00bb4.22.2&Prime; _module_preset=\u00a0\u00bbdefault\u00a0\u00bb hover_transition_duration=\u00a0\u00bb200ms\u00a0\u00bb motion_trigger_start=\u00a0\u00bbtop\u00a0\u00bb global_colors_info=\u00a0\u00bb{}\u00a0\u00bb][dsm_masonry_gallery gallery_ids=\u00a0\u00bb718,2264,2263,2262,2261,2255,380&Prime; dsm_sort_images_order=\u00a0\u00bbrand\u00a0\u00bb gutter=\u00a0\u00bb6&Prime; use_overlay=\u00a0\u00bbon\u00a0\u00bb overlay_description=\u00a0\u00bboff\u00a0\u00bb use_lightbox=\u00a0\u00bbon\u00a0\u00bb overlay_color=\u00a0\u00bbrgba(0,0,0,0.53)\u00a0\u00bb use_zoom_on_hover=\u00a0\u00bbon\u00a0\u00bb _builder_version=\u00a0\u00bb4.22.2&Prime; _module_preset=\u00a0\u00bbdefault\u00a0\u00bb image_title_level=\u00a0\u00bbh3&Prime; image_title_font=\u00a0\u00bbPoppins||||||||\u00a0\u00bb image_title_text_color=\u00a0\u00bb#FF6D00&Prime; image_title_font_size=\u00a0\u00bb20px\u00a0\u00bb image_caption_text_color=\u00a0\u00bb#FFFFFF\u00a0\u00bb image_caption_font_size=\u00a0\u00bb12px\u00a0\u00bb image_desc_text_color=\u00a0\u00bb#FFFFFF\u00a0\u00bb image_desc_font_size=\u00a0\u00bb12px\u00a0\u00bb link_option_url=\u00a0\u00bbhttps:\/\/www.olevlight.com\/en\/#gref\u00a0\u00bb image_title_font_size_phone=\u00a0\u00bb12px\u00a0\u00bb image_title_font_size_last_edited=\u00a0\u00bboff|phone\u00a0\u00bb image_caption_font_size_tablet=\u00a0\u00bb12px\u00a0\u00bb image_caption_font_size_phone=\u00a0\u00bb10px\u00a0\u00bb image_caption_font_size_last_edited=\u00a0\u00bbon|phone\u00a0\u00bb image_desc_font_size_tablet=\u00a0\u00bb9px\u00a0\u00bb image_desc_font_size_phone=\u00a0\u00bb10px\u00a0\u00bb image_desc_font_size_last_edited=\u00a0\u00bbon|desktop\u00a0\u00bb global_colors_info=\u00a0\u00bb{}\u00a0\u00bb][\/dsm_masonry_gallery][\/et_pb_column][\/et_pb_row][et_pb_row column_structure=\u00a0\u00bb1_2,1_2&Prime; _builder_version=\u00a0\u00bb4.22.2&Prime; _module_preset=\u00a0\u00bbdefault\u00a0\u00bb global_colors_info=\u00a0\u00bb{}\u00a0\u00bb][et_pb_column type=\u00a0\u00bb1_2&Prime; _builder_version=\u00a0\u00bb4.22.2&Prime; _module_preset=\u00a0\u00bbdefault\u00a0\u00bb background_color=\u00a0\u00bb#FF2F00&Prime; custom_css_main_element=\u00a0\u00bbalign-self: center;\u00a0\u00bb global_colors_info=\u00a0\u00bb{}\u00a0\u00bb][et_pb_cta button_url=\u00a0\u00bbhttps:\/\/www.leadsun-eclairage-solaire.fr\/\u00a0\u00bb button_text=\u00a0\u00bbSite internet\u00a0\u00bb _builder_version=\u00a0\u00bb4.22.2&Prime; _module_preset=\u00a0\u00bbdefault\u00a0\u00bb background_color=\u00a0\u00bb#ea2228&Prime; min_height=\u00a0\u00bb127px\u00a0\u00bb custom_margin=\u00a0\u00bb||21px|||\u00a0\u00bb global_colors_info=\u00a0\u00bb{}\u00a0\u00bb][\/et_pb_cta][\/et_pb_column][et_pb_column type=\u00a0\u00bb1_2&Prime; _builder_version=\u00a0\u00bb4.22.2&Prime; _module_preset=\u00a0\u00bbdefault\u00a0\u00bb custom_css_main_element=\u00a0\u00bbalign-self: center;\u00a0\u00bb global_colors_info=\u00a0\u00bb{}\u00a0\u00bb][et_pb_cta button_url=\u00a0\u00bbhttps:\/\/www.leadsun-eclairage-solaire.fr\/projets\u00a0\u00bb button_text=\u00a0\u00bbNos projets\u00a0\u00bb _builder_version=\u00a0\u00bb4.22.2&Prime; _module_preset=\u00a0\u00bbdefault\u00a0\u00bb background_color=\u00a0\u00bb#ea2228&Prime; min_height=\u00a0\u00bb152px\u00a0\u00bb locked=\u00a0\u00bboff\u00a0\u00bb global_colors_info=\u00a0\u00bb{}\u00a0\u00bb][\/et_pb_cta][\/et_pb_column][\/et_pb_row][\/et_pb_section]<\/p>\n","protected":false},"excerpt":{"rendered":"<p><div id=\"gammeleadsun\" class=\"et_pb_module dsm_text_divider dsm_text_divider_0\">\n\t\t\t\t\n\t\t\t\t\n\t\t\t\t\n\t\t\t\t\n\t\t\t\t\n\t\t\t\t\n\t\t\t\t<div class=\"et_pb_module_inner\">\n\t\t\t\t\t<div id=\"gammeleadsun\" class=\"dsm-text-divider-wrapper dsm-text-divider-align-center et_pb_bg_layout_light\">\n\t\t\t\t\n\t\t\t\t\n\t\t\t\t<div class=\"dsm-text-divider-before dsm-divider\"><\/div>\n\t\t\t\t<h3 class=\"dsm-text-divider-header et_pb_module_header\"><span>Leadsun : \u00e9clairage solaire intelligent<\/span><\/h3>\n\t\t\t\t<div class=\"dsm-text-divider-after dsm-divider\"><\/div>\n\t\t\t<\/div>\n\t\t\t\t<\/div>\n\t\t\t<\/div><div class=\"et_pb_module dsm_advanced_tabs dsm_advanced_tabs_0\">\n\t\t\t\t\n\t\t\t\t\n\t\t\t\t\n\t\t\t\t\n\t\t\t\t\n\t\t\t\t\n\t\t\t\t<div class=\"et_pb_module_inner\">\n\t\t\t\t\t<div class=\"dsm-advanced-tabs-container\" data-trigger=\"click\" data-animation=\"none\" data-inner_animation=\"none\" data-deep_link=\"off\" data-image_lightbox=\"off\" data-auto_scroll_mobile=\"off\" data-anchor_link=\"off\">\n\t\t\t\t    <div class=\"dsm-advanced-tabs-wrapper\" role=\"tablist\"><\/div>\n\t\t\t\t <div class=\"dsm-advanced-tabs-content-wrapper\">\n\t\t\t\t    \n\t\t\t\t <\/div>\n\t\t     <\/div>\n\t\t    \n\t\t\t\t<\/div>\n\t\t\t<\/div><div class=\"dsm-advanced-tab-item-wrapper dsm_advanced_tabs_child_0\">\n\t\t\t\t<\/div>\n\t\t\t<\/p>\n","protected":false},"author":1,"featured_media":0,"parent":451,"menu_order":9,"comment_status":"closed","ping_status":"closed","template":"","meta":{"_et_pb_use_builder":"on","_et_pb_old_content":"","_et_gb_content_width":"","om_disable_all_campaigns":false,"_monsterinsights_skip_tracking":false,"_monsterinsights_sitenote_active":false,"_monsterinsights_sitenote_note":"","_monsterinsights_sitenote_category":0,"footnotes":""},"class_list":["post-3388","page","type-page","status-publish","hentry"],"aioseo_notices":[],"_links":{"self":[{"href":"https:\/\/agenceclerc.com\/index.php\/wp-json\/wp\/v2\/pages\/3388","targetHints":{"allow":["GET"]}}],"collection":[{"href":"https:\/\/agenceclerc.com\/index.php\/wp-json\/wp\/v2\/pages"}],"about":[{"href":"https:\/\/agenceclerc.com\/index.php\/wp-json\/wp\/v2\/types\/page"}],"author":[{"embeddable":true,"href":"https:\/\/agenceclerc.com\/index.php\/wp-json\/wp\/v2\/users\/1"}],"replies":[{"embeddable":true,"href":"https:\/\/agenceclerc.com\/index.php\/wp-json\/wp\/v2\/comments?post=3388"}],"version-history":[{"count":4,"href":"https:\/\/agenceclerc.com\/index.php\/wp-json\/wp\/v2\/pages\/3388\/revisions"}],"predecessor-version":[{"id":4850,"href":"https:\/\/agenceclerc.com\/index.php\/wp-json\/wp\/v2\/pages\/3388\/revisions\/4850"}],"up":[{"embeddable":true,"href":"https:\/\/agenceclerc.com\/index.php\/wp-json\/wp\/v2\/pages\/451"}],"wp:attachment":[{"href":"https:\/\/agenceclerc.com\/index.php\/wp-json\/wp\/v2\/media?parent=3388"}],"curies":[{"name":"wp","href":"https:\/\/api.w.org\/{rel}","templated":true}]}}