{"id":3392,"date":"2024-03-19T15:34:58","date_gmt":"2024-03-19T14:34:58","guid":{"rendered":"https:\/\/agenceclerc.com\/?page_id=3392"},"modified":"2026-04-01T11:28:49","modified_gmt":"2026-04-01T09:28:49","slug":"gammepixlum","status":"publish","type":"page","link":"https:\/\/agenceclerc.com\/index.php\/nos-fabricants\/gammepixlum\/","title":{"rendered":"PIXLUM"},"content":{"rendered":"<p>[et_pb_section fb_built=\u00a0\u00bb1&Prime; admin_label=\u00a0\u00bbPixlum\u00a0\u00bb module_id=\u00a0\u00bbgammepixlum\u00a0\u00bb _builder_version=\u00a0\u00bb4.22.2&Prime; background_color=\u00a0\u00bb#f7f7f7&Prime; min_height=\u00a0\u00bb1416px\u00a0\u00bb overflow-x=\u00a0\u00bbhidden\u00a0\u00bb overflow-y=\u00a0\u00bbhidden\u00a0\u00bb custom_padding=\u00a0\u00bb||0px|||\u00a0\u00bb top_divider_color=\u00a0\u00bbrgba(0,0,0,0.42)\u00a0\u00bb top_divider_height=\u00a0\u00bb49px\u00a0\u00bb hover_transition_duration=\u00a0\u00bb0ms\u00a0\u00bb hover_transition_speed_curve=\u00a0\u00bbease-in\u00a0\u00bb motion_trigger_start=\u00a0\u00bbtop\u00a0\u00bb hover_enabled=\u00a0\u00bb0&Prime; saved_tabs=\u00a0\u00bball\u00a0\u00bb global_colors_info=\u00a0\u00bb{}\u00a0\u00bb theme_builder_area=\u00a0\u00bbpost_content\u00a0\u00bb sticky_enabled=\u00a0\u00bb0&Prime;][et_pb_row _builder_version=\u00a0\u00bb4.22.2&Prime; _module_preset=\u00a0\u00bbdefault\u00a0\u00bb global_colors_info=\u00a0\u00bb{}\u00a0\u00bb theme_builder_area=\u00a0\u00bbpost_content\u00a0\u00bb][et_pb_column type=\u00a0\u00bb4_4&Prime; module_id=\u00a0\u00bb#arkoslight\u00a0\u00bb _builder_version=\u00a0\u00bb4.22.2&Prime; _module_preset=\u00a0\u00bbdefault\u00a0\u00bb background_enable_image=\u00a0\u00bboff\u00a0\u00bb link_option_url=\u00a0\u00bb#arkoslight\u00a0\u00bb global_colors_info=\u00a0\u00bb{}\u00a0\u00bb theme_builder_area=\u00a0\u00bbpost_content\u00a0\u00bb][dsm_text_divider header=\u00a0\u00bbPixlum: imagination et technologie\u00a0\u00bb color=\u00a0\u00bb#120356&Prime; _builder_version=\u00a0\u00bb4.22.2&Prime; _module_preset=\u00a0\u00bbdefault\u00a0\u00bb global_colors_info=\u00a0\u00bb{}\u00a0\u00bb theme_builder_area=\u00a0\u00bbpost_content\u00a0\u00bb][\/dsm_text_divider][dsm_advanced_tabs dsm_tabs_layout=\u00a0\u00bbvertical\u00a0\u00bb dsm_tabs_vertical_position=\u00a0\u00bbright\u00a0\u00bb dsm_tabs_wrapper_width=\u00a0\u00bb0%\u00a0\u00bb _builder_version=\u00a0\u00bb4.22.2&Prime; _module_preset=\u00a0\u00bbdefault\u00a0\u00bb background_color=\u00a0\u00bb#474747&Prime; background_enable_image=\u00a0\u00bboff\u00a0\u00bb parallax=\u00a0\u00bbon\u00a0\u00bb global_colors_info=\u00a0\u00bb{}\u00a0\u00bb theme_builder_area=\u00a0\u00bbpost_content\u00a0\u00bb][dsm_advanced_tabs_child dsm_title=\u00a0\u00bbPixlum\u00a0\u00bb dsm_subtitle=\u00a0\u00bbCr\u00e9ez  vous-m\u00eame votre propre design lumineux.\u00a0\u00bb dsm_use_icon_image=\u00a0\u00bbon\u00a0\u00bb dsm_use_icon=\u00a0\u00bbon\u00a0\u00bb font_icon=\u00a0\u00bb&#xf3db;||fa||400&Prime; dsm_content_title=\u00a0\u00bbPixlum\u00a0\u00bb dsm_content=\u00a0\u00bb<\/p>\n<p><span> PIXLUM est une soci\u00e9t\u00e9 vend\u00e9enne fond\u00e9e en 2015 par Philippe Jolly et Patrick Eyhorn. Ces passionn\u00e9s d&rsquo;innovation et de d\u00e9coration ont voulu vous offrir une ligne de luminaires esth\u00e9tiques et innovants vous permettant de cr\u00e9er vous-m\u00eame votre propre design lumineux. Les solutions qu&rsquo;ils vous proposent sont ludiques, faciles d&rsquo;utilisation et tellement modulaires que leurs possibilit\u00e9s sont infinies.<\/span><\/p>\n<p>Venez d\u00e9couvrir:<\/p>\n<ul>\n<li><a href=%22https:\/\/www.pixlum.fr\/pixlum\/le-concept\/%22>Le concept Pixlum <\/a><\/li>\n<li><a href=%22https:\/\/www.pixlum.fr\/medias\/photos\/%22>La galerie photos : ciels \u00e9toil\u00e9s, communication, graphisme lumineux, papier peint illumin\u00e9, suspension, tableaux lumineux<\/a><\/li>\n<li><a href=%22https:\/\/www.pixlum.fr\/medias\/videos\/%22>Les vid\u00e9os Pixlum <\/a><\/li>\n<\/ul>\n<p>\u00a0\u00bb _builder_version=\u00a0\u00bb4.22.2&Prime; _module_preset=\u00a0\u00bbdefault\u00a0\u00bb global_colors_info=\u00a0\u00bb{}\u00a0\u00bb theme_builder_area=\u00a0\u00bbpost_content\u00a0\u00bb parentOrderClass=\u00a0\u00bbdsm_advanced_tabs_0&Prime;][\/dsm_advanced_tabs_child][\/dsm_advanced_tabs][\/et_pb_column][\/et_pb_row][et_pb_row use_custom_gutter=\u00a0\u00bbon\u00a0\u00bb gutter_width=\u00a0\u00bb2&Prime; _builder_version=\u00a0\u00bb4.22.2&Prime; _module_preset=\u00a0\u00bbdefault\u00a0\u00bb global_colors_info=\u00a0\u00bb{}\u00a0\u00bb theme_builder_area=\u00a0\u00bbpost_content\u00a0\u00bb][et_pb_column type=\u00a0\u00bb4_4&Prime; _builder_version=\u00a0\u00bb4.22.2&Prime; _module_preset=\u00a0\u00bbdefault\u00a0\u00bb hover_transition_duration=\u00a0\u00bb200ms\u00a0\u00bb motion_trigger_start=\u00a0\u00bbtop\u00a0\u00bb global_colors_info=\u00a0\u00bb{}\u00a0\u00bb theme_builder_area=\u00a0\u00bbpost_content\u00a0\u00bb][dsm_masonry_gallery gallery_ids=\u00a0\u00bb718,2286,2283,2289&Prime; dsm_sort_images_order=\u00a0\u00bbrand\u00a0\u00bb gutter=\u00a0\u00bb6&Prime; use_overlay=\u00a0\u00bbon\u00a0\u00bb overlay_description=\u00a0\u00bboff\u00a0\u00bb use_lightbox=\u00a0\u00bbon\u00a0\u00bb overlay_color=\u00a0\u00bbrgba(0,0,0,0.53)\u00a0\u00bb use_zoom_on_hover=\u00a0\u00bbon\u00a0\u00bb _builder_version=\u00a0\u00bb4.22.2&Prime; _module_preset=\u00a0\u00bbdefault\u00a0\u00bb image_title_level=\u00a0\u00bbh3&Prime; image_title_font=\u00a0\u00bbPoppins||||||||\u00a0\u00bb image_title_text_color=\u00a0\u00bb#FF6D00&Prime; image_title_font_size=\u00a0\u00bb20px\u00a0\u00bb image_caption_text_color=\u00a0\u00bb#FFFFFF\u00a0\u00bb image_caption_font_size=\u00a0\u00bb12px\u00a0\u00bb image_desc_text_color=\u00a0\u00bb#FFFFFF\u00a0\u00bb image_desc_font_size=\u00a0\u00bb12px\u00a0\u00bb link_option_url=\u00a0\u00bbhttps:\/\/www.pixlum.fr\u00a0\u00bb image_title_font_size_phone=\u00a0\u00bb12px\u00a0\u00bb image_title_font_size_last_edited=\u00a0\u00bboff|phone\u00a0\u00bb image_caption_font_size_tablet=\u00a0\u00bb12px\u00a0\u00bb image_caption_font_size_phone=\u00a0\u00bb10px\u00a0\u00bb image_caption_font_size_last_edited=\u00a0\u00bbon|phone\u00a0\u00bb image_desc_font_size_tablet=\u00a0\u00bb9px\u00a0\u00bb image_desc_font_size_phone=\u00a0\u00bb10px\u00a0\u00bb image_desc_font_size_last_edited=\u00a0\u00bbon|desktop\u00a0\u00bb global_colors_info=\u00a0\u00bb{}\u00a0\u00bb theme_builder_area=\u00a0\u00bbpost_content\u00a0\u00bb][\/dsm_masonry_gallery][\/et_pb_column][\/et_pb_row][et_pb_row column_structure=\u00a0\u00bb1_2,1_2&Prime; _builder_version=\u00a0\u00bb4.22.2&Prime; _module_preset=\u00a0\u00bbdefault\u00a0\u00bb global_colors_info=\u00a0\u00bb{}\u00a0\u00bb theme_builder_area=\u00a0\u00bbpost_content\u00a0\u00bb][et_pb_column type=\u00a0\u00bb1_2&Prime; _builder_version=\u00a0\u00bb4.22.2&Prime; _module_preset=\u00a0\u00bbdefault\u00a0\u00bb custom_css_main_element=\u00a0\u00bbalign-self: center;\u00a0\u00bb global_colors_info=\u00a0\u00bb{}\u00a0\u00bb theme_builder_area=\u00a0\u00bbpost_content\u00a0\u00bb][et_pb_cta button_url=\u00a0\u00bbhttps:\/\/www.pixlum.fr\u00a0\u00bb button_text=\u00a0\u00bbSite internet\u00a0\u00bb _builder_version=\u00a0\u00bb4.22.2&Prime; _module_preset=\u00a0\u00bbdefault\u00a0\u00bb background_color=\u00a0\u00bbrgba(0,0,0,0.81)\u00a0\u00bb min_height=\u00a0\u00bb127px\u00a0\u00bb custom_margin=\u00a0\u00bb||24px|||\u00a0\u00bb global_colors_info=\u00a0\u00bb{}\u00a0\u00bb theme_builder_area=\u00a0\u00bbpost_content\u00a0\u00bb][\/et_pb_cta][\/et_pb_column][et_pb_column type=\u00a0\u00bb1_2&Prime; _builder_version=\u00a0\u00bb4.22.2&Prime; _module_preset=\u00a0\u00bbdefault\u00a0\u00bb custom_css_main_element=\u00a0\u00bbalign-self: center;\u00a0\u00bb global_colors_info=\u00a0\u00bb{}\u00a0\u00bb theme_builder_area=\u00a0\u00bbpost_content\u00a0\u00bb][et_pb_cta button_url=\u00a0\u00bbhttps:\/\/www.pixlum.fr\/media\/catalogue_pixlum_v1__079535800_1819_04122018.pdf\u00a0\u00bb button_text=\u00a0\u00bbT\u00e9l\u00e9charger les documentations\u00a0\u00bb _builder_version=\u00a0\u00bb4.22.2&Prime; _module_preset=\u00a0\u00bbdefault\u00a0\u00bb background_color=\u00a0\u00bbrgba(0,0,0,0.81)\u00a0\u00bb locked=\u00a0\u00bboff\u00a0\u00bb global_colors_info=\u00a0\u00bb{}\u00a0\u00bb theme_builder_area=\u00a0\u00bbpost_content\u00a0\u00bb][\/et_pb_cta][\/et_pb_column][\/et_pb_row][\/et_pb_section]<\/p>\n","protected":false},"excerpt":{"rendered":"<p><div class=\"et_pb_module dsm_text_divider dsm_text_divider_0\">\n\t\t\t\t\n\t\t\t\t\n\t\t\t\t\n\t\t\t\t\n\t\t\t\t\n\t\t\t\t\n\t\t\t\t<div class=\"et_pb_module_inner\">\n\t\t\t\t\t<div class=\"dsm-text-divider-wrapper dsm-text-divider-align-center et_pb_bg_layout_light\">\n\t\t\t\t\n\t\t\t\t\n\t\t\t\t<div class=\"dsm-text-divider-before dsm-divider\"><\/div>\n\t\t\t\t<h3 class=\"dsm-text-divider-header et_pb_module_header\"><span>Pixlum: imagination et technologie<\/span><\/h3>\n\t\t\t\t<div class=\"dsm-text-divider-after dsm-divider\"><\/div>\n\t\t\t<\/div>\n\t\t\t\t<\/div>\n\t\t\t<\/div><div class=\"et_pb_module dsm_advanced_tabs dsm_advanced_tabs_0\">\n\t\t\t\t\n\t\t\t\t\n\t\t\t\t\n\t\t\t\t\n\t\t\t\t\n\t\t\t\t\n\t\t\t\t<div class=\"et_pb_module_inner\">\n\t\t\t\t\t<div class=\"dsm-advanced-tabs-container\" data-trigger=\"click\" data-animation=\"none\" data-inner_animation=\"none\" data-deep_link=\"off\" data-image_lightbox=\"off\" data-auto_scroll_mobile=\"off\" data-anchor_link=\"off\">\n\t\t\t\t    <div class=\"dsm-advanced-tabs-wrapper\" role=\"tablist\"><div id=\"dsm-tab-0 \" class=\"dsm-tab dsm_advanced_tabs_child_0\" role=\"tab\"  aria-selected=\"true\" aria-controls=\"dsm-panel-0\" tabindex=\"0\">\n\t\t\t     <div class=\"dsm-icon-wrapper\"><span class=\"dsm_icon\">\uf3db<\/span><\/div>\n\t\t\t     \n\t\t\t\t \n\t\t\t\t  \n\t\t\t\t <div class=\"dsm-title-wrapper\">\n\t\t\t     <div class=\"dsm-title\">Pixlum<\/div>\n\t\t\t\t \n\t\t\t\t <div class=\"dsm-tab-subtitle\">Cr\u00e9ez vous-m\u00eame votre propre design lumineux.<\/div>\n\t\t\t\t \n\t\t\t\t <\/div>\n\t\t\t  <\/div>\n\t\t<\/div>\n\t\t\t\t <div class=\"dsm-advanced-tabs-content-wrapper\">\n\t\t\t\t    <div id=\"dsm-panel-0 \" class=\"dsm-content-wrapper dsm_advanced_tabs_child_0 animated\" aria-labelledby=\"dsm-tab-0\">\n\t\t\t\t<div class=\"dsm-inner-content-wrapper\">  \n\t\t\t\t\t\n\t\t\t\t\t\n\t\t\t\t\t<div class=\"dsm-inner-content\"> \n\t\t\t\t\t\t<h2 class=\"dsm-title\">Pixlum<\/h2>\n\t\t\t\t\t\t<div class=\"dsm-content\"> PIXLUM est une soci\u00e9t\u00e9 vend\u00e9enne fond\u00e9e en 2015 par Philippe Jolly et Patrick Eyhorn. Ces passionn\u00e9s d'innovation et de d\u00e9coration ont voulu vous offrir une ligne de luminaires esth\u00e9tiques et innovants vous permettant de cr\u00e9er vous-m\u00eame votre propre design lumineux. Les solutions qu'ils vous proposent sont ludiques, faciles d'utilisation et tellement modulaires que leurs possibilit\u00e9s sont infinies. Venez d\u00e9couvrir: Le concept Pixlum La galerie photos : ciels \u00e9toil\u00e9s, communication, graphisme lumineux, papier peint illumin\u00e9, suspension, tableaux lumineux Les vid\u00e9os Pixlum <\/div>\n\t\t\t\t\t\t\n\t\t\t\t\t<\/div>\n\t\t\t\t<\/div>\n\t\t   <\/div>\n\t\t\t\t <\/div>\n\t\t     <\/div>\n\t\t    \n\t\t\t\t<\/div>\n\t\t\t<\/div><div class=\"et_pb_module dsm_masonry_gallery dsm_masonry_gallery_0 et_clickable\">\n\t\t\t\t\n\t\t\t\t\n\t\t\t\t\n\t\t\t\t\n\t\t\t\t\n\t\t\t\t\n\t\t\t\t<div class=\"et_pb_module_inner\">\n\t\t\t\t\t<div class=\"dsm-gallery grid dsm_masonry_zoom_hover\" data-lightbox=\"true\" data-horizontalorder=\"true\">\n                <div class=\"grid-sizer\"><\/div><div class=\"gutter-sizer\"><\/div><div class=\"grid-item\">\n                    <a href=\"https:\/\/agenceclerc.com\/wp-content\/uploads\/2024\/02\/Image-21-02-2024-a-12.26-1.jpeg\"  data-title='Pixlum'  data-caption='' data-mfp-src=\"https:\/\/agenceclerc.com\/wp-content\/uploads\/2024\/02\/Image-21-02-2024-a-12.26-1.jpeg\">\n                        <div class=\"et_pb_image_wrap\">\n                            <img loading=\"lazy\" decoding=\"async\" src=\"https:\/\/agenceclerc.com\/wp-content\/uploads\/2024\/02\/Image-21-02-2024-a-12.26-1.jpeg\" title=\"Pixlum\" alt=\"pixlum-plafond-lumineux-leds\" class=\"dsm-skip-lazyload\" srcset=\"https:\/\/agenceclerc.com\/wp-content\/uploads\/2024\/02\/Image-21-02-2024-a-12.26-1.jpeg 1966w, https:\/\/agenceclerc.com\/wp-content\/uploads\/2024\/02\/Image-21-02-2024-a-12.26-1-1280x951.jpeg 1280w, https:\/\/agenceclerc.com\/wp-content\/uploads\/2024\/02\/Image-21-02-2024-a-12.26-1-980x728.jpeg 980w, https:\/\/agenceclerc.com\/wp-content\/uploads\/2024\/02\/Image-21-02-2024-a-12.26-1-480x356.jpeg 480w\" sizes=\"auto, (min-width: 0px) and (max-width: 480px) 480px, (min-width: 481px) and (max-width: 980px) 980px, (min-width: 981px) and (max-width: 1280px) 1280px, (min-width: 1281px) 1966px, 100vw\" width=\"1966\" height=\"1460\" \/>\n                            <span class=\"et_overlay dsm-overlay\">\n                        <div class=\"dsm-overlay-inner\">\n                            <h3 class=\"dsm-overlay-title\">\n                    Pixlum\n                <\/h3>\n                            <p class=\"dsm-overlay-caption\">\n                    \n                <\/p>\n\t\t\t\t\t\t\t\n                        <\/div>\n                    <\/span>\n                        <\/div>\n                    <\/a>\n                <\/div><div class=\"grid-item\">\n                    <a href=\"https:\/\/agenceclerc.com\/wp-content\/uploads\/2024\/02\/Image-21-02-2024-a-12.25.jpeg\"  data-title='Pixlum'  data-caption='' data-mfp-src=\"https:\/\/agenceclerc.com\/wp-content\/uploads\/2024\/02\/Image-21-02-2024-a-12.25.jpeg\">\n                        <div class=\"et_pb_image_wrap\">\n                            <img loading=\"lazy\" decoding=\"async\" src=\"https:\/\/agenceclerc.com\/wp-content\/uploads\/2024\/02\/Image-21-02-2024-a-12.25.jpeg\" title=\"Pixlum\" alt=\"pixlum-plafond-lumineux-leds\" class=\"dsm-skip-lazyload\" srcset=\"https:\/\/agenceclerc.com\/wp-content\/uploads\/2024\/02\/Image-21-02-2024-a-12.25.jpeg 1042w, https:\/\/agenceclerc.com\/wp-content\/uploads\/2024\/02\/Image-21-02-2024-a-12.25-980x743.jpeg 980w, https:\/\/agenceclerc.com\/wp-content\/uploads\/2024\/02\/Image-21-02-2024-a-12.25-480x364.jpeg 480w\" sizes=\"auto, (min-width: 0px) and (max-width: 480px) 480px, (min-width: 481px) and (max-width: 980px) 980px, (min-width: 981px) 1042px, 100vw\" width=\"1042\" height=\"790\" \/>\n                            <span class=\"et_overlay dsm-overlay\">\n                        <div class=\"dsm-overlay-inner\">\n                            <h3 class=\"dsm-overlay-title\">\n                    Pixlum\n                <\/h3>\n                            <p class=\"dsm-overlay-caption\">\n                    \n                <\/p>\n\t\t\t\t\t\t\t\n                        <\/div>\n                    <\/span>\n                        <\/div>\n                    <\/a>\n                <\/div><div class=\"grid-item\">\n                    <a href=\"https:\/\/agenceclerc.com\/wp-content\/uploads\/2024\/02\/Image-21-02-2024-a-12.27-1.jpeg\"  data-title='Pixlum'  data-caption='' data-mfp-src=\"https:\/\/agenceclerc.com\/wp-content\/uploads\/2024\/02\/Image-21-02-2024-a-12.27-1.jpeg\">\n                        <div class=\"et_pb_image_wrap\">\n                            <img loading=\"lazy\" decoding=\"async\" src=\"https:\/\/agenceclerc.com\/wp-content\/uploads\/2024\/02\/Image-21-02-2024-a-12.27-1.jpeg\" title=\"Pixlum\" alt=\"pixlum-plafond-lumineux-leds\" class=\"dsm-skip-lazyload\" srcset=\"https:\/\/agenceclerc.com\/wp-content\/uploads\/2024\/02\/Image-21-02-2024-a-12.27-1.jpeg 976w, https:\/\/agenceclerc.com\/wp-content\/uploads\/2024\/02\/Image-21-02-2024-a-12.27-1-480x408.jpeg 480w\" sizes=\"auto, (min-width: 0px) and (max-width: 480px) 480px, (min-width: 481px) 976px, 100vw\" width=\"976\" height=\"830\" \/>\n                            <span class=\"et_overlay dsm-overlay\">\n                        <div class=\"dsm-overlay-inner\">\n                            <h3 class=\"dsm-overlay-title\">\n                    Pixlum\n                <\/h3>\n                            <p class=\"dsm-overlay-caption\">\n                    \n                <\/p>\n\t\t\t\t\t\t\t\n                        <\/div>\n                    <\/span>\n                        <\/div>\n                    <\/a>\n                <\/div>\n             <\/div>\n\t\t\t\t<\/div>\n\t\t\t<\/div><\/p>\n","protected":false},"author":1,"featured_media":0,"parent":451,"menu_order":12,"comment_status":"closed","ping_status":"closed","template":"","meta":{"_et_pb_use_builder":"on","_et_pb_old_content":"","_et_gb_content_width":"","om_disable_all_campaigns":false,"_monsterinsights_skip_tracking":false,"_monsterinsights_sitenote_active":false,"_monsterinsights_sitenote_note":"","_monsterinsights_sitenote_category":0,"footnotes":""},"class_list":["post-3392","page","type-page","status-publish","hentry"],"aioseo_notices":[],"_links":{"self":[{"href":"https:\/\/agenceclerc.com\/index.php\/wp-json\/wp\/v2\/pages\/3392","targetHints":{"allow":["GET"]}}],"collection":[{"href":"https:\/\/agenceclerc.com\/index.php\/wp-json\/wp\/v2\/pages"}],"about":[{"href":"https:\/\/agenceclerc.com\/index.php\/wp-json\/wp\/v2\/types\/page"}],"author":[{"embeddable":true,"href":"https:\/\/agenceclerc.com\/index.php\/wp-json\/wp\/v2\/users\/1"}],"replies":[{"embeddable":true,"href":"https:\/\/agenceclerc.com\/index.php\/wp-json\/wp\/v2\/comments?post=3392"}],"version-history":[{"count":2,"href":"https:\/\/agenceclerc.com\/index.php\/wp-json\/wp\/v2\/pages\/3392\/revisions"}],"predecessor-version":[{"id":3397,"href":"https:\/\/agenceclerc.com\/index.php\/wp-json\/wp\/v2\/pages\/3392\/revisions\/3397"}],"up":[{"embeddable":true,"href":"https:\/\/agenceclerc.com\/index.php\/wp-json\/wp\/v2\/pages\/451"}],"wp:attachment":[{"href":"https:\/\/agenceclerc.com\/index.php\/wp-json\/wp\/v2\/media?parent=3392"}],"curies":[{"name":"wp","href":"https:\/\/api.w.org\/{rel}","templated":true}]}}