{"id":4115,"date":"2024-09-17T21:41:26","date_gmt":"2024-09-17T19:41:26","guid":{"rendered":"https:\/\/agenceclerc.com\/?page_id=4115"},"modified":"2026-04-01T11:27:27","modified_gmt":"2026-04-01T09:27:27","slug":"gammecellpack","status":"publish","type":"page","link":"https:\/\/agenceclerc.com\/index.php\/nos-fabricants\/gammecellpack\/","title":{"rendered":"CELLPACK"},"content":{"rendered":"<p>[et_pb_section fb_built=\u00a0\u00bb1&Prime; theme_builder_area=\u00a0\u00bbpost_content\u00a0\u00bb _builder_version=\u00a0\u00bb4.22.2&Prime; _module_preset=\u00a0\u00bbdefault\u00a0\u00bb module_id=\u00a0\u00bbgammecellpack\u00a0\u00bb hover_enabled=\u00a0\u00bb0&Prime; sticky_enabled=\u00a0\u00bb0&Prime;][et_pb_row _builder_version=\u00a0\u00bb4.22.2&Prime; _module_preset=\u00a0\u00bbdefault\u00a0\u00bb hover_enabled=\u00a0\u00bb0&Prime; global_colors_info=\u00a0\u00bb{}\u00a0\u00bb theme_builder_area=\u00a0\u00bbpost_content\u00a0\u00bb sticky_enabled=\u00a0\u00bb0&Prime;][et_pb_column type=\u00a0\u00bb4_4&Prime; module_id=\u00a0\u00bb#cellpack\u00a0\u00bb _builder_version=\u00a0\u00bb4.22.2&Prime; _module_preset=\u00a0\u00bbdefault\u00a0\u00bb background_enable_image=\u00a0\u00bboff\u00a0\u00bb link_option_url=\u00a0\u00bb#cellpack\u00a0\u00bb global_colors_info=\u00a0\u00bb{}\u00a0\u00bb theme_builder_area=\u00a0\u00bbpost_content\u00a0\u00bb][dsm_text_divider header=\u00a0\u00bbCELLPACK : Electrical Products\u00a0\u00bb color=\u00a0\u00bb#ff1500&Prime; _builder_version=\u00a0\u00bb4.22.2&Prime; _module_preset=\u00a0\u00bbdefault\u00a0\u00bb hover_enabled=\u00a0\u00bb0&Prime; global_colors_info=\u00a0\u00bb{}\u00a0\u00bb theme_builder_area=\u00a0\u00bbpost_content\u00a0\u00bb sticky_enabled=\u00a0\u00bb0&Prime;][\/dsm_text_divider][dsm_advanced_tabs dsm_tabs_image_icon_placement=\u00a0\u00bbleft\u00a0\u00bb dsm_tabs_wrapper_width=\u00a0\u00bb0%\u00a0\u00bb _builder_version=\u00a0\u00bb4.22.2&Prime; _module_preset=\u00a0\u00bbdefault\u00a0\u00bb background_color=\u00a0\u00bb#474747&Prime; background_image=\u00a0\u00bbhttps:\/\/agenceclerc.com\/wp-content\/uploads\/2024\/09\/cellpack.jpg\u00a0\u00bb parallax=\u00a0\u00bbon\u00a0\u00bb global_colors_info=\u00a0\u00bb{}\u00a0\u00bb theme_builder_area=\u00a0\u00bbpost_content\u00a0\u00bb][dsm_advanced_tabs_child dsm_title=\u00a0\u00bbCellpack\u00a0\u00bb dsm_subtitle=\u00a0\u00bbSyst\u00e8mes de connexion de c\u00e2bles \u00a0\u00bb dsm_use_icon_image=\u00a0\u00bbon\u00a0\u00bb dsm_use_icon=\u00a0\u00bbon\u00a0\u00bb font_icon=\u00a0\u00bb&#xe048;||divi||400&Prime; dsm_content_title=\u00a0\u00bbBBC CELLPACK Electrical Products\u00a0\u00bb dsm_content=\u00a0\u00bb<\/p>\n<p><a href=%22https:\/\/electricalproducts.cellpack.com\/fr\/systemes-de-connexion-de-cables-par-bbc-cellpack-electrical-products\/%22 title=%22BBC Cellpack Electrical Products%22><strong>BBC Cellpack Electrical Products<\/strong><\/a> est un leader reconnu dans le domaine des syst\u00e8mes de connexion de c\u00e2bles et des accessoires pour les applications basse et moyenne tension. Depuis plus de 50 ans, l\u2019entreprise se consacre \u00e0 la production de solutions innovantes et de haute qualit\u00e9, r\u00e9pondant aux besoins des secteurs de l\u2019\u00e9nergie et de la distribution \u00e9lectrique.<\/p>\n<h4>Une Expertise In\u00e9gal\u00e9e<\/h4>\n<p>BBC Cellpack se distingue par son expertise approfondie dans la pr\u00e9paration des mati\u00e8res premi\u00e8res, la sp\u00e9cification des r\u00e9sines \u00e0 couler et des gels, ainsi que le compoundage des mati\u00e8res plastiques. Cette ma\u00eetrise technique permet \u00e0 l\u2019entreprise de proposer des produits fiables et performants, garantissant une s\u00e9curit\u00e9 optimale pour les installations \u00e9lectriques.<\/p>\n<h4>Des Solutions Compl\u00e8tes et Innovantes<\/h4>\n<p>L\u2019offre de BBC Cellpack comprend une large gamme de produits, allant des bo\u00eetes de jonction et d\u2019extr\u00e9mit\u00e9s thermor\u00e9tractables aux r\u00e9sines \u00e0 couler et aux gels de protection. Chaque produit est con\u00e7u pour offrir une protection durable et une installation facile, r\u00e9pondant aux exigences des applications les plus complexes.<\/p>\n<h4>Engagement en faveur de l\u2019Environnement<\/h4>\n<p>Consciente des enjeux environnementaux, BBC Cellpack s\u2019engage \u00e0 adopter des pratiques responsables et \u00e0 d\u00e9velopper des innovations durables. L\u2019entreprise met un point d\u2019honneur \u00e0 r\u00e9duire son empreinte \u00e9cologique tout en maintenant des standards de qualit\u00e9 \u00e9lev\u00e9s.<\/p>\n<p>\u00a0\u00bb _builder_version=\u00a0\u00bb4.22.2&Prime; _module_preset=\u00a0\u00bbdefault\u00a0\u00bb global_colors_info=\u00a0\u00bb{}\u00a0\u00bb theme_builder_area=\u00a0\u00bbpost_content\u00a0\u00bb parentOrderClass=\u00a0\u00bbdsm_advanced_tabs_0&Prime;][\/dsm_advanced_tabs_child][\/dsm_advanced_tabs][\/et_pb_column][\/et_pb_row][et_pb_row use_custom_gutter=\u00a0\u00bbon\u00a0\u00bb gutter_width=\u00a0\u00bb2&Prime; _builder_version=\u00a0\u00bb4.22.2&Prime; _module_preset=\u00a0\u00bbdefault\u00a0\u00bb global_colors_info=\u00a0\u00bb{}\u00a0\u00bb theme_builder_area=\u00a0\u00bbpost_content\u00a0\u00bb][et_pb_column type=\u00a0\u00bb4_4&Prime; _builder_version=\u00a0\u00bb4.22.2&Prime; _module_preset=\u00a0\u00bbdefault\u00a0\u00bb hover_transition_duration=\u00a0\u00bb200ms\u00a0\u00bb motion_trigger_start=\u00a0\u00bbtop\u00a0\u00bb global_colors_info=\u00a0\u00bb{}\u00a0\u00bb theme_builder_area=\u00a0\u00bbpost_content\u00a0\u00bb][dsm_masonry_gallery gallery_ids=\u00a0\u00bb718,3902,3907,3908,3909,3910,3911&Prime; dsm_sort_images_order=\u00a0\u00bbrand\u00a0\u00bb gutter=\u00a0\u00bb6&Prime; use_overlay=\u00a0\u00bbon\u00a0\u00bb overlay_description=\u00a0\u00bboff\u00a0\u00bb use_lightbox=\u00a0\u00bbon\u00a0\u00bb overlay_color=\u00a0\u00bbrgba(0,0,0,0.53)\u00a0\u00bb use_zoom_on_hover=\u00a0\u00bbon\u00a0\u00bb _builder_version=\u00a0\u00bb4.22.2&Prime; _module_preset=\u00a0\u00bbdefault\u00a0\u00bb image_title_level=\u00a0\u00bbh3&Prime; image_title_font=\u00a0\u00bbPoppins||||||||\u00a0\u00bb image_title_text_color=\u00a0\u00bb#FF6D00&Prime; image_title_font_size=\u00a0\u00bb20px\u00a0\u00bb image_caption_text_color=\u00a0\u00bb#FFFFFF\u00a0\u00bb image_caption_font_size=\u00a0\u00bb12px\u00a0\u00bb image_desc_text_color=\u00a0\u00bb#FFFFFF\u00a0\u00bb image_desc_font_size=\u00a0\u00bb12px\u00a0\u00bb link_option_url=\u00a0\u00bbhttps:\/\/www.arkoslight.com\/fr\/\u00a0\u00bb image_title_font_size_phone=\u00a0\u00bb12px\u00a0\u00bb image_title_font_size_last_edited=\u00a0\u00bboff|phone\u00a0\u00bb image_caption_font_size_tablet=\u00a0\u00bb12px\u00a0\u00bb image_caption_font_size_phone=\u00a0\u00bb10px\u00a0\u00bb image_caption_font_size_last_edited=\u00a0\u00bbon|phone\u00a0\u00bb image_desc_font_size_tablet=\u00a0\u00bb9px\u00a0\u00bb image_desc_font_size_phone=\u00a0\u00bb10px\u00a0\u00bb image_desc_font_size_last_edited=\u00a0\u00bbon|desktop\u00a0\u00bb global_colors_info=\u00a0\u00bb{}\u00a0\u00bb theme_builder_area=\u00a0\u00bbpost_content\u00a0\u00bb][\/dsm_masonry_gallery][\/et_pb_column][\/et_pb_row][et_pb_row column_structure=\u00a0\u00bb1_2,1_2&Prime; _builder_version=\u00a0\u00bb4.22.2&Prime; _module_preset=\u00a0\u00bbdefault\u00a0\u00bb global_colors_info=\u00a0\u00bb{}\u00a0\u00bb theme_builder_area=\u00a0\u00bbpost_content\u00a0\u00bb][et_pb_column type=\u00a0\u00bb1_2&Prime; _builder_version=\u00a0\u00bb4.22.2&Prime; _module_preset=\u00a0\u00bbdefault\u00a0\u00bb custom_css_main_element=\u00a0\u00bbalign-self: center;\u00a0\u00bb global_colors_info=\u00a0\u00bb{}\u00a0\u00bb theme_builder_area=\u00a0\u00bbpost_content\u00a0\u00bb][et_pb_cta button_url=\u00a0\u00bbhttps:\/\/electricalproducts.cellpack.com\/fr\/systemes-de-connexion-de-cables-par-bbc-cellpack-electrical-products\/\u00a0\u00bb button_text=\u00a0\u00bbSite internet\u00a0\u00bb _builder_version=\u00a0\u00bb4.22.2&Prime; _module_preset=\u00a0\u00bbdefault\u00a0\u00bb background_color=\u00a0\u00bbrgba(0,0,0,0.81)\u00a0\u00bb min_height=\u00a0\u00bb127px\u00a0\u00bb custom_margin=\u00a0\u00bb||24px|||\u00a0\u00bb global_colors_info=\u00a0\u00bb{}\u00a0\u00bb theme_builder_area=\u00a0\u00bbpost_content\u00a0\u00bb][\/et_pb_cta][\/et_pb_column][et_pb_column type=\u00a0\u00bb1_2&Prime; _builder_version=\u00a0\u00bb4.22.2&Prime; _module_preset=\u00a0\u00bbdefault\u00a0\u00bb custom_css_main_element=\u00a0\u00bbalign-self: center;\u00a0\u00bb global_colors_info=\u00a0\u00bb{}\u00a0\u00bb theme_builder_area=\u00a0\u00bbpost_content\u00a0\u00bb][et_pb_cta button_url=\u00a0\u00bbhttps:\/\/shop-ep.cellpack.com\/cep_fr_fr\/\u00a0\u00bb button_text=\u00a0\u00bbT\u00e9l\u00e9charger les documentations\u00a0\u00bb _builder_version=\u00a0\u00bb4.22.2&Prime; _module_preset=\u00a0\u00bbdefault\u00a0\u00bb background_color=\u00a0\u00bbrgba(0,0,0,0.81)\u00a0\u00bb locked=\u00a0\u00bboff\u00a0\u00bb global_colors_info=\u00a0\u00bb{}\u00a0\u00bb theme_builder_area=\u00a0\u00bbpost_content\u00a0\u00bb][\/et_pb_cta][\/et_pb_column][\/et_pb_row][\/et_pb_section]<\/p>\n","protected":false},"excerpt":{"rendered":"<p><div class=\"et_pb_module dsm_text_divider dsm_text_divider_0\">\n\t\t\t\t\n\t\t\t\t\n\t\t\t\t\n\t\t\t\t\n\t\t\t\t\n\t\t\t\t\n\t\t\t\t<div class=\"et_pb_module_inner\">\n\t\t\t\t\t<div class=\"dsm-text-divider-wrapper dsm-text-divider-align-center et_pb_bg_layout_light\">\n\t\t\t\t\n\t\t\t\t\n\t\t\t\t<div class=\"dsm-text-divider-before dsm-divider\"><\/div>\n\t\t\t\t<h3 class=\"dsm-text-divider-header et_pb_module_header\"><span>CELLPACK : Electrical Products<\/span><\/h3>\n\t\t\t\t<div class=\"dsm-text-divider-after dsm-divider\"><\/div>\n\t\t\t<\/div>\n\t\t\t\t<\/div>\n\t\t\t<\/div><div class=\"et_pb_module dsm_advanced_tabs dsm_advanced_tabs_0 et_pb_section_parallax\">\n\t\t\t\t<span class=\"et_parallax_bg_wrap\"><span\n\t\t\t\t\t\tclass=\"et_parallax_bg\"\n\t\t\t\t\t\tstyle=\"background-image: url(https:\/\/agenceclerc.com\/wp-content\/uploads\/2024\/09\/cellpack.jpg);\"\n\t\t\t\t\t><\/span><\/span>\n\t\t\t\t\n\t\t\t\t\n\t\t\t\t\n\t\t\t\t\n\t\t\t\t\n\t\t\t\t<div class=\"et_pb_module_inner\">\n\t\t\t\t\t<div class=\"dsm-advanced-tabs-container\" data-trigger=\"click\" data-animation=\"none\" data-inner_animation=\"none\" data-deep_link=\"off\" data-image_lightbox=\"off\" data-auto_scroll_mobile=\"off\" data-anchor_link=\"off\">\n\t\t\t\t    <div class=\"dsm-advanced-tabs-wrapper\" role=\"tablist\"><\/div>\n\t\t\t\t <div class=\"dsm-advanced-tabs-content-wrapper\">\n\t\t\t\t    \n\t\t\t\t <\/div>\n\t\t     <\/div>\n\t\t    \n\t\t\t\t<\/div>\n\t\t\t<\/div><div class=\"dsm-advanced-tab-item-wrapper dsm_advanced_tabs_child_0\">\n\t\t\t\t<\/div>\n\t\t\t<\/p>\n","protected":false},"author":1,"featured_media":0,"parent":451,"menu_order":5,"comment_status":"closed","ping_status":"closed","template":"","meta":{"_et_pb_use_builder":"on","_et_pb_old_content":"","_et_gb_content_width":"","om_disable_all_campaigns":false,"_monsterinsights_skip_tracking":false,"_monsterinsights_sitenote_active":false,"_monsterinsights_sitenote_note":"","_monsterinsights_sitenote_category":0,"footnotes":""},"class_list":["post-4115","page","type-page","status-publish","hentry"],"aioseo_notices":[],"_links":{"self":[{"href":"https:\/\/agenceclerc.com\/index.php\/wp-json\/wp\/v2\/pages\/4115","targetHints":{"allow":["GET"]}}],"collection":[{"href":"https:\/\/agenceclerc.com\/index.php\/wp-json\/wp\/v2\/pages"}],"about":[{"href":"https:\/\/agenceclerc.com\/index.php\/wp-json\/wp\/v2\/types\/page"}],"author":[{"embeddable":true,"href":"https:\/\/agenceclerc.com\/index.php\/wp-json\/wp\/v2\/users\/1"}],"replies":[{"embeddable":true,"href":"https:\/\/agenceclerc.com\/index.php\/wp-json\/wp\/v2\/comments?post=4115"}],"version-history":[{"count":3,"href":"https:\/\/agenceclerc.com\/index.php\/wp-json\/wp\/v2\/pages\/4115\/revisions"}],"predecessor-version":[{"id":4123,"href":"https:\/\/agenceclerc.com\/index.php\/wp-json\/wp\/v2\/pages\/4115\/revisions\/4123"}],"up":[{"embeddable":true,"href":"https:\/\/agenceclerc.com\/index.php\/wp-json\/wp\/v2\/pages\/451"}],"wp:attachment":[{"href":"https:\/\/agenceclerc.com\/index.php\/wp-json\/wp\/v2\/media?parent=4115"}],"curies":[{"name":"wp","href":"https:\/\/api.w.org\/{rel}","templated":true}]}}