{"id":4742,"date":"2026-02-27T21:46:25","date_gmt":"2026-02-27T20:46:25","guid":{"rendered":"https:\/\/agenceclerc.com\/?page_id=4742"},"modified":"2026-04-01T11:28:43","modified_gmt":"2026-04-01T09:28:43","slug":"gammelluria","status":"publish","type":"page","link":"https:\/\/agenceclerc.com\/index.php\/nos-fabricants\/gammelluria\/","title":{"rendered":"lluria"},"content":{"rendered":"<p>[et_pb_section fb_built=\u00a0\u00bb1&Prime; module_id=\u00a0\u00bbgammearkos\u00a0\u00bb _builder_version=\u00a0\u00bb4.22.2&Prime; _module_preset=\u00a0\u00bbdefault\u00a0\u00bb global_colors_info=\u00a0\u00bb{}\u00a0\u00bb][et_pb_row _builder_version=\u00a0\u00bb4.22.2&Prime; _module_preset=\u00a0\u00bbdefault\u00a0\u00bb global_colors_info=\u00a0\u00bb{}\u00a0\u00bb][et_pb_column type=\u00a0\u00bb4_4&Prime; module_id=\u00a0\u00bb#lluria\u00a0\u00bb _builder_version=\u00a0\u00bb4.22.2&Prime; _module_preset=\u00a0\u00bbdefault\u00a0\u00bb background_enable_image=\u00a0\u00bboff\u00a0\u00bb link_option_url=\u00a0\u00bb#lluria\u00a0\u00bb global_colors_info=\u00a0\u00bb{}\u00a0\u00bb][dsm_text_divider header=\u00a0\u00bbLluria: sp\u00e9cialistes des solutions d\u2019\u00e9clairage LED lin\u00e9aires \u00a0\u00bb color=\u00a0\u00bb#000000&Prime; _builder_version=\u00a0\u00bb4.22.2&Prime; _module_preset=\u00a0\u00bbdefault\u00a0\u00bb background_color=\u00a0\u00bb#D6D6D6&Prime; global_colors_info=\u00a0\u00bb{}\u00a0\u00bb][\/dsm_text_divider][dsm_advanced_tabs dsm_tabs_layout=\u00a0\u00bbvertical\u00a0\u00bb dsm_tabs_wrapper_width=\u00a0\u00bb0%\u00a0\u00bb _builder_version=\u00a0\u00bb4.22.2&Prime; _module_preset=\u00a0\u00bbdefault\u00a0\u00bb background_color=\u00a0\u00bb#BFBDC1&Prime; background_image=\u00a0\u00bbhttps:\/\/agenceclerc.com\/wp-content\/uploads\/2026\/02\/TC_Oroneta_099-scaled.jpg\u00a0\u00bb parallax=\u00a0\u00bbon\u00a0\u00bb global_colors_info=\u00a0\u00bb{}\u00a0\u00bb][dsm_advanced_tabs_child dsm_title=\u00a0\u00bbLLURIA\u00a0\u00bb dsm_subtitle=\u00a0\u00bb40 ans d\u2019exp\u00e9rience dans le secteur de l\u2019\u00e9clairage.\u00a0\u00bb dsm_use_icon_image=\u00a0\u00bbon\u00a0\u00bb dsm_use_icon=\u00a0\u00bbon\u00a0\u00bb font_icon=\u00a0\u00bb&#xe048;||divi||400&Prime; dsm_content_title=\u00a0\u00bbLLURIA\u00a0\u00bb dsm_content=\u00a0\u00bb<\/p>\n<p><span lang=%22FR%22>Chez <a href=%22https:\/\/lluria.com\/wp-content\/uploads\/LLURIA_Catalogo_PROFESSIONAL.pdf%22>Lluria<\/a>, nous concevons la lumi\u00e8re comme un outil de transformation durable, capable de cr\u00e9er des ambiances uniques o\u00f9 l&rsquo;utilisateur reste l\u2019acteur principal<\/span><span lang=%22FR%22>.<\/span><\/p>\n<p><span lang=%22FR%22>Notre vision na\u00eet d&rsquo;un \u00e9quilibre indissociable entre l&rsquo;excellence technique et la responsabilit\u00e9 environnementale, une philosophie qui nous d\u00e9finit comme une r\u00e9f\u00e9rence dans le secteur.<\/span><\/p>\n<p><span lang=%22FR%22>Le client est au c\u0153ur de chaque syst\u00e8me d&rsquo;\u00e9clairage que nous concevons ; nous travaillons pour vous, \u00e0 l&rsquo;\u00e9coute de vos besoins et en nous impr\u00e9gnant de vos projets pour toujours vous proposer les meilleures qualit\u00e9s et efficiences.<\/span><\/p>\n<p><span lang=%22FR%22>Notre capacit\u00e9 de fabrication sur mesure et une personnalisation totale nous rendent uniques ; cela nous permet de cr\u00e9er des solutions adapt\u00e9es et polyvalentes qui ne se contentent pas seulement de remplir une fonction, mais aussi de d\u00e9passer toutes les attentes. Chez Lluria, la lumi\u00e8re n&rsquo;est pas statique ; c&rsquo;est une exp\u00e9rience qui gravite autour de vous.<\/span><\/p>\n<p>\u00a0\u00bb dsm_content_image_icon_alignment=\u00a0\u00bbstart\u00a0\u00bb _builder_version=\u00a0\u00bb4.22.2&Prime; _module_preset=\u00a0\u00bbdefault\u00a0\u00bb global_colors_info=\u00a0\u00bb{}\u00a0\u00bb parentOrderClass=\u00a0\u00bbdsm_advanced_tabs_0&Prime;][\/dsm_advanced_tabs_child][\/dsm_advanced_tabs][\/et_pb_column][\/et_pb_row][et_pb_row use_custom_gutter=\u00a0\u00bbon\u00a0\u00bb gutter_width=\u00a0\u00bb2&Prime; _builder_version=\u00a0\u00bb4.22.2&Prime; _module_preset=\u00a0\u00bbdefault\u00a0\u00bb hover_enabled=\u00a0\u00bb0&Prime; global_colors_info=\u00a0\u00bb{}\u00a0\u00bb sticky_enabled=\u00a0\u00bb0&Prime;][et_pb_column type=\u00a0\u00bb4_4&Prime; _builder_version=\u00a0\u00bb4.22.2&Prime; _module_preset=\u00a0\u00bbdefault\u00a0\u00bb hover_transition_duration=\u00a0\u00bb200ms\u00a0\u00bb motion_trigger_start=\u00a0\u00bbtop\u00a0\u00bb global_colors_info=\u00a0\u00bb{}\u00a0\u00bb][dsm_masonry_gallery gallery_ids=\u00a0\u00bb4758,4753,4760,4749,4759,4750,4748,4761,4736&Prime; dsm_sort_images_order=\u00a0\u00bbrand\u00a0\u00bb gutter=\u00a0\u00bb6&Prime; use_overlay=\u00a0\u00bbon\u00a0\u00bb overlay_description=\u00a0\u00bboff\u00a0\u00bb use_lightbox=\u00a0\u00bbon\u00a0\u00bb lightbox_title=\u00a0\u00bboff\u00a0\u00bb overlay_color=\u00a0\u00bbrgba(0,0,0,0.53)\u00a0\u00bb use_zoom_on_hover=\u00a0\u00bbon\u00a0\u00bb _builder_version=\u00a0\u00bb4.22.2&Prime; _module_preset=\u00a0\u00bbdefault\u00a0\u00bb image_title_level=\u00a0\u00bbh3&Prime; image_title_font=\u00a0\u00bbPoppins||||||||\u00a0\u00bb image_title_text_color=\u00a0\u00bb#000000&Prime; image_title_font_size=\u00a0\u00bb20px\u00a0\u00bb image_caption_text_color=\u00a0\u00bb#FFFFFF\u00a0\u00bb image_caption_font_size=\u00a0\u00bb12px\u00a0\u00bb image_desc_text_color=\u00a0\u00bb#FFFFFF\u00a0\u00bb image_desc_font_size=\u00a0\u00bb12px\u00a0\u00bb link_option_url=\u00a0\u00bbhttps:\/\/lluria.com\/\u00a0\u00bb hover_enabled=\u00a0\u00bb0&Prime; image_title_font_size_phone=\u00a0\u00bb12px\u00a0\u00bb image_title_font_size_last_edited=\u00a0\u00bboff|phone\u00a0\u00bb image_caption_font_size_tablet=\u00a0\u00bb12px\u00a0\u00bb image_caption_font_size_phone=\u00a0\u00bb10px\u00a0\u00bb image_caption_font_size_last_edited=\u00a0\u00bbon|phone\u00a0\u00bb image_desc_font_size_tablet=\u00a0\u00bb9px\u00a0\u00bb image_desc_font_size_phone=\u00a0\u00bb10px\u00a0\u00bb image_desc_font_size_last_edited=\u00a0\u00bbon|desktop\u00a0\u00bb global_colors_info=\u00a0\u00bb{}\u00a0\u00bb overlay_title=\u00a0\u00bboff\u00a0\u00bb sticky_enabled=\u00a0\u00bb0&Prime;][\/dsm_masonry_gallery][\/et_pb_column][\/et_pb_row][\/et_pb_section][et_pb_section fb_built=\u00a0\u00bb1&Prime; _builder_version=\u00a0\u00bb4.22.2&Prime; _module_preset=\u00a0\u00bbdefault\u00a0\u00bb global_colors_info=\u00a0\u00bb{}\u00a0\u00bb][et_pb_row column_structure=\u00a0\u00bb1_2,1_2&Prime; _builder_version=\u00a0\u00bb4.22.2&Prime; _module_preset=\u00a0\u00bbdefault\u00a0\u00bb global_colors_info=\u00a0\u00bb{}\u00a0\u00bb][et_pb_column type=\u00a0\u00bb1_2&Prime; _builder_version=\u00a0\u00bb4.22.2&Prime; _module_preset=\u00a0\u00bbdefault\u00a0\u00bb custom_css_main_element=\u00a0\u00bbalign-self: center;\u00a0\u00bb global_colors_info=\u00a0\u00bb{}\u00a0\u00bb][et_pb_cta button_url=\u00a0\u00bbhttps:\/\/lluria.com\/\u00a0\u00bb button_text=\u00a0\u00bbSite internet\u00a0\u00bb _builder_version=\u00a0\u00bb4.22.2&Prime; _module_preset=\u00a0\u00bbdefault\u00a0\u00bb background_color=\u00a0\u00bb#BFBDC1&Prime; min_height=\u00a0\u00bb127px\u00a0\u00bb custom_margin=\u00a0\u00bb||24px|||\u00a0\u00bb global_colors_info=\u00a0\u00bb{}\u00a0\u00bb][\/et_pb_cta][\/et_pb_column][et_pb_column type=\u00a0\u00bb1_2&Prime; _builder_version=\u00a0\u00bb4.22.2&Prime; _module_preset=\u00a0\u00bbdefault\u00a0\u00bb custom_css_main_element=\u00a0\u00bbalign-self: center;\u00a0\u00bb global_colors_info=\u00a0\u00bb{}\u00a0\u00bb][et_pb_cta button_url=\u00a0\u00bbhttps:\/\/lluria.com\/wp-content\/uploads\/LLURIA_Catalogo_PROFESSIONAL.pdf\u00a0\u00bb button_text=\u00a0\u00bbT\u00e9l\u00e9charger les documentations\u00a0\u00bb _builder_version=\u00a0\u00bb4.22.2&Prime; _module_preset=\u00a0\u00bbdefault\u00a0\u00bb background_color=\u00a0\u00bb#BFBDC1&Prime; locked=\u00a0\u00bboff\u00a0\u00bb global_colors_info=\u00a0\u00bb{}\u00a0\u00bb][\/et_pb_cta][\/et_pb_column][\/et_pb_row][\/et_pb_section][et_pb_section fb_built=\u00a0\u00bb1&Prime; fullwidth=\u00a0\u00bbon\u00a0\u00bb _builder_version=\u00a0\u00bb4.22.2&Prime; _module_preset=\u00a0\u00bbdefault\u00a0\u00bb global_colors_info=\u00a0\u00bb{}\u00a0\u00bb][\/et_pb_section]<\/p>\n","protected":false},"excerpt":{"rendered":"<p><div class=\"et_pb_module dsm_text_divider dsm_text_divider_0\">\n\t\t\t\t\n\t\t\t\t\n\t\t\t\t\n\t\t\t\t\n\t\t\t\t\n\t\t\t\t\n\t\t\t\t<div class=\"et_pb_module_inner\">\n\t\t\t\t\t<div class=\"dsm-text-divider-wrapper dsm-text-divider-align-center et_pb_bg_layout_light\">\n\t\t\t\t\n\t\t\t\t\n\t\t\t\t<div class=\"dsm-text-divider-before dsm-divider\"><\/div>\n\t\t\t\t<h3 class=\"dsm-text-divider-header et_pb_module_header\"><span>Lluria: sp\u00e9cialistes des solutions d\u2019\u00e9clairage LED lin\u00e9aires <\/span><\/h3>\n\t\t\t\t<div class=\"dsm-text-divider-after dsm-divider\"><\/div>\n\t\t\t<\/div>\n\t\t\t\t<\/div>\n\t\t\t<\/div><div class=\"et_pb_module dsm_advanced_tabs dsm_advanced_tabs_0 et_pb_section_parallax\">\n\t\t\t\t<span class=\"et_parallax_bg_wrap\"><span\n\t\t\t\t\t\tclass=\"et_parallax_bg\"\n\t\t\t\t\t\tstyle=\"background-image: url(https:\/\/agenceclerc.com\/wp-content\/uploads\/2026\/02\/TC_Oroneta_099-scaled.jpg);\"\n\t\t\t\t\t><\/span><\/span>\n\t\t\t\t\n\t\t\t\t\n\t\t\t\t\n\t\t\t\t\n\t\t\t\t\n\t\t\t\t<div class=\"et_pb_module_inner\">\n\t\t\t\t\t<div class=\"dsm-advanced-tabs-container\" data-trigger=\"click\" data-animation=\"none\" data-inner_animation=\"none\" data-deep_link=\"off\" data-image_lightbox=\"off\" data-auto_scroll_mobile=\"off\" data-anchor_link=\"off\">\n\t\t\t\t    <div class=\"dsm-advanced-tabs-wrapper\" role=\"tablist\"><div id=\"dsm-tab-0 \" class=\"dsm-tab dsm_advanced_tabs_child_0\" role=\"tab\"  aria-selected=\"true\" aria-controls=\"dsm-panel-0\" tabindex=\"0\">\n\t\t\t     <div class=\"dsm-icon-wrapper\"><span class=\"dsm_icon\">\ue048<\/span><\/div>\n\t\t\t     \n\t\t\t\t \n\t\t\t\t  \n\t\t\t\t <div class=\"dsm-title-wrapper\">\n\t\t\t     <div class=\"dsm-title\">LLURIA<\/div>\n\t\t\t\t \n\t\t\t\t <div class=\"dsm-tab-subtitle\">40 ans d\u2019exp\u00e9rience dans le secteur de l\u2019\u00e9clairage.<\/div>\n\t\t\t\t \n\t\t\t\t <\/div>\n\t\t\t  <\/div>\n\t\t<\/div>\n\t\t\t\t <div class=\"dsm-advanced-tabs-content-wrapper\">\n\t\t\t\t    <div id=\"dsm-panel-0 \" class=\"dsm-content-wrapper dsm_advanced_tabs_child_0 animated\" aria-labelledby=\"dsm-tab-0\">\n\t\t\t\t<div class=\"dsm-inner-content-wrapper\">  \n\t\t\t\t\t\n\t\t\t\t\t\n\t\t\t\t\t<div class=\"dsm-inner-content\"> \n\t\t\t\t\t\t<h2 class=\"dsm-title\">LLURIA<\/h2>\n\t\t\t\t\t\t<div class=\"dsm-content\">Chez Lluria, nous concevons la lumi\u00e8re comme un outil de transformation durable, capable de cr\u00e9er des ambiances uniques o\u00f9 l'utilisateur reste l\u2019acteur principal. Notre vision na\u00eet d'un \u00e9quilibre indissociable entre l'excellence technique et la responsabilit\u00e9 environnementale, une philosophie qui nous d\u00e9finit comme une r\u00e9f\u00e9rence dans le secteur. Le client est au c\u0153ur de chaque syst\u00e8me d'\u00e9clairage que nous concevons ; nous travaillons pour vous, \u00e0 l'\u00e9coute de vos besoins et en nous impr\u00e9gnant de vos projets pour toujours vous proposer les meilleures qualit\u00e9s et efficiences. Notre capacit\u00e9 de fabrication sur mesure et une personnalisation totale nous rendent uniques ; cela nous permet de cr\u00e9er des solutions adapt\u00e9es et polyvalentes qui ne se contentent pas seulement de remplir une fonction, mais aussi de d\u00e9passer toutes les attentes. Chez Lluria, la lumi\u00e8re n'est pas statique ; c'est une exp\u00e9rience qui gravite autour de vous.<\/div>\n\t\t\t\t\t\t\n\t\t\t\t\t<\/div>\n\t\t\t\t<\/div>\n\t\t   <\/div>\n\t\t\t\t <\/div>\n\t\t     <\/div>\n\t\t    \n\t\t\t\t<\/div>\n\t\t\t<\/div><div class=\"et_pb_module dsm_masonry_gallery dsm_masonry_gallery_0\">\n\t\t\t\t\n\t\t\t\t\n\t\t\t\t\n\t\t\t\t\n\t\t\t\t\n\t\t\t\t\n\t\t\t\t<div class=\"et_pb_module_inner\">\n\t\t\t\t\t<div class=\"dsm-gallery grid\" data-lightbox=\"false\" data-horizontalorder=\"true\">\n                <div class=\"grid-sizer\"><\/div><div class=\"gutter-sizer\"><\/div><div class=\"grid-item\">\n                    <a href=\"https:\/\/agenceclerc.com\/index.php\/nos-fabricants\/#gammelluria\" target=\"_self\" >\n\t\t\t\t\t\t<div class=\"et_pb_image_wrap\">\n                        \t<img loading=\"lazy\" decoding=\"async\" src=\"https:\/\/agenceclerc.com\/wp-content\/uploads\/2026\/02\/lluria-agence-clerc.png\" title=\"lluria\" alt=\"Chez Lluria, nous ne concevons pas seulement des syst\u00e8mes d&#039;\u00e9clairage : nous cr\u00e9ons des ambiances uniques o\u00f9 l\u2019utilisateur reste l\u2019acteur principal.\" class=\"dsm-skip-lazyload\" srcset=\"https:\/\/agenceclerc.com\/wp-content\/uploads\/2026\/02\/lluria-agence-clerc.png 500w, https:\/\/agenceclerc.com\/wp-content\/uploads\/2026\/02\/lluria-agence-clerc-480x480.png 480w\" sizes=\"auto, (min-width: 0px) and (max-width: 480px) 480px, (min-width: 481px) 500px, 100vw\" width=\"500\" height=\"500\" \/>\n\t\t\t\t\t\t\t\n\t\t\t\t\t\t<\/div>\n\t\t\t\t\t<\/a>\n\t\t\t\t\t\n                <\/div><div class=\"grid-item\">\n                    <div class=\"et_pb_image_wrap\">\n                        <img loading=\"lazy\" decoding=\"async\" src=\"https:\/\/agenceclerc.com\/wp-content\/uploads\/2026\/02\/IMG_5153-EDIT-scaled.jpg\" title=\"lluria-agence-clerc\" alt=\"\" class=\"dsm-skip-lazyload\" srcset=\"https:\/\/agenceclerc.com\/wp-content\/uploads\/2026\/02\/IMG_5153-EDIT-scaled.jpg 2560w, https:\/\/agenceclerc.com\/wp-content\/uploads\/2026\/02\/IMG_5153-EDIT-1280x960.jpg 1280w, https:\/\/agenceclerc.com\/wp-content\/uploads\/2026\/02\/IMG_5153-EDIT-980x735.jpg 980w, https:\/\/agenceclerc.com\/wp-content\/uploads\/2026\/02\/IMG_5153-EDIT-480x360.jpg 480w\" sizes=\"auto, (min-width: 0px) and (max-width: 480px) 480px, (min-width: 481px) and (max-width: 980px) 980px, (min-width: 981px) and (max-width: 1280px) 1280px, (min-width: 1281px) 2560px, 100vw\" width=\"2560\" height=\"1920\" \/>\n                        \n                    <\/div>\n                <\/div><div class=\"grid-item\">\n                    <div class=\"et_pb_image_wrap\">\n                        <img loading=\"lazy\" decoding=\"async\" src=\"https:\/\/agenceclerc.com\/wp-content\/uploads\/2026\/02\/IMG-ART_ST37-B_1-scaled.jpg\" title=\"lluria-agence-clerc\" alt=\"\" class=\"dsm-skip-lazyload\" srcset=\"https:\/\/agenceclerc.com\/wp-content\/uploads\/2026\/02\/IMG-ART_ST37-B_1-scaled.jpg 2560w, https:\/\/agenceclerc.com\/wp-content\/uploads\/2026\/02\/IMG-ART_ST37-B_1-1280x728.jpg 1280w, https:\/\/agenceclerc.com\/wp-content\/uploads\/2026\/02\/IMG-ART_ST37-B_1-980x557.jpg 980w, https:\/\/agenceclerc.com\/wp-content\/uploads\/2026\/02\/IMG-ART_ST37-B_1-480x273.jpg 480w\" sizes=\"auto, (min-width: 0px) and (max-width: 480px) 480px, (min-width: 481px) and (max-width: 980px) 980px, (min-width: 981px) and (max-width: 1280px) 1280px, (min-width: 1281px) 2560px, 100vw\" width=\"2560\" height=\"1455\" \/>\n                        \n                    <\/div>\n                <\/div><div class=\"grid-item\">\n                    <div class=\"et_pb_image_wrap\">\n                        <img loading=\"lazy\" decoding=\"async\" src=\"https:\/\/agenceclerc.com\/wp-content\/uploads\/2026\/02\/IMG-ART_ST38-AM_1-scaled.jpg\" title=\"lluria-agence-clerc\" alt=\"\" class=\"dsm-skip-lazyload\" srcset=\"https:\/\/agenceclerc.com\/wp-content\/uploads\/2026\/02\/IMG-ART_ST38-AM_1-scaled.jpg 2560w, https:\/\/agenceclerc.com\/wp-content\/uploads\/2026\/02\/IMG-ART_ST38-AM_1-1280x728.jpg 1280w, https:\/\/agenceclerc.com\/wp-content\/uploads\/2026\/02\/IMG-ART_ST38-AM_1-980x557.jpg 980w, https:\/\/agenceclerc.com\/wp-content\/uploads\/2026\/02\/IMG-ART_ST38-AM_1-480x273.jpg 480w\" sizes=\"auto, (min-width: 0px) and (max-width: 480px) 480px, (min-width: 481px) and (max-width: 980px) 980px, (min-width: 981px) and (max-width: 1280px) 1280px, (min-width: 1281px) 2560px, 100vw\" width=\"2560\" height=\"1455\" \/>\n                        \n                    <\/div>\n                <\/div><div class=\"grid-item\">\n                    <div class=\"et_pb_image_wrap\">\n                        <img loading=\"lazy\" decoding=\"async\" src=\"https:\/\/agenceclerc.com\/wp-content\/uploads\/2026\/02\/PR144-scaled.png\" title=\"lluria-agence-clerc\" alt=\"\" class=\"dsm-skip-lazyload\" srcset=\"https:\/\/agenceclerc.com\/wp-content\/uploads\/2026\/02\/PR144-scaled.png 2560w, https:\/\/agenceclerc.com\/wp-content\/uploads\/2026\/02\/PR144-1280x960.png 1280w, https:\/\/agenceclerc.com\/wp-content\/uploads\/2026\/02\/PR144-980x735.png 980w, https:\/\/agenceclerc.com\/wp-content\/uploads\/2026\/02\/PR144-480x360.png 480w\" sizes=\"auto, (min-width: 0px) and (max-width: 480px) 480px, (min-width: 481px) and (max-width: 980px) 980px, (min-width: 981px) and (max-width: 1280px) 1280px, (min-width: 1281px) 2560px, 100vw\" width=\"2560\" height=\"1920\" \/>\n                        \n                    <\/div>\n                <\/div><div class=\"grid-item\">\n                    <div class=\"et_pb_image_wrap\">\n                        <img loading=\"lazy\" decoding=\"async\" src=\"https:\/\/agenceclerc.com\/wp-content\/uploads\/2026\/02\/Capture-decran-2026-02-27-a-21.27.52.png\" title=\"lluria-agence-clerc\" alt=\"\" class=\"dsm-skip-lazyload\" srcset=\"https:\/\/agenceclerc.com\/wp-content\/uploads\/2026\/02\/Capture-decran-2026-02-27-a-21.27.52.png 918w, https:\/\/agenceclerc.com\/wp-content\/uploads\/2026\/02\/Capture-decran-2026-02-27-a-21.27.52-480x292.png 480w\" sizes=\"auto, (min-width: 0px) and (max-width: 480px) 480px, (min-width: 481px) 918px, 100vw\" width=\"918\" height=\"558\" \/>\n                        \n                    <\/div>\n                <\/div><div class=\"grid-item\">\n                    <div class=\"et_pb_image_wrap\">\n                        <img loading=\"lazy\" decoding=\"async\" src=\"https:\/\/agenceclerc.com\/wp-content\/uploads\/2026\/02\/Capture-decran-2026-02-27-a-21.28.03.png\" title=\"lluria-agence-clerc\" alt=\"\" class=\"dsm-skip-lazyload\" srcset=\"https:\/\/agenceclerc.com\/wp-content\/uploads\/2026\/02\/Capture-decran-2026-02-27-a-21.28.03.png 908w, https:\/\/agenceclerc.com\/wp-content\/uploads\/2026\/02\/Capture-decran-2026-02-27-a-21.28.03-480x572.png 480w\" sizes=\"auto, (min-width: 0px) and (max-width: 480px) 480px, (min-width: 481px) 908px, 100vw\" width=\"908\" height=\"1082\" \/>\n                        \n                    <\/div>\n                <\/div><div class=\"grid-item\">\n                    <div class=\"et_pb_image_wrap\">\n                        <img loading=\"lazy\" decoding=\"async\" src=\"https:\/\/agenceclerc.com\/wp-content\/uploads\/2026\/02\/Capture-decran-2026-02-27-a-21.28.16.png\" title=\"lluria-agence-clerc\" alt=\"\" class=\"dsm-skip-lazyload\" srcset=\"https:\/\/agenceclerc.com\/wp-content\/uploads\/2026\/02\/Capture-decran-2026-02-27-a-21.28.16.png 908w, https:\/\/agenceclerc.com\/wp-content\/uploads\/2026\/02\/Capture-decran-2026-02-27-a-21.28.16-480x614.png 480w\" sizes=\"auto, (min-width: 0px) and (max-width: 480px) 480px, (min-width: 481px) 908px, 100vw\" width=\"908\" height=\"1162\" \/>\n                        \n                    <\/div>\n                <\/div>\n             <\/div>\n\t\t\t\t<\/div>\n\t\t\t<\/div><\/p>\n","protected":false},"author":1,"featured_media":4758,"parent":451,"menu_order":10,"comment_status":"closed","ping_status":"closed","template":"","meta":{"_et_pb_use_builder":"on","_et_pb_old_content":"","_et_gb_content_width":"","om_disable_all_campaigns":false,"_monsterinsights_skip_tracking":false,"_monsterinsights_sitenote_active":false,"_monsterinsights_sitenote_note":"","_monsterinsights_sitenote_category":0,"footnotes":""},"class_list":["post-4742","page","type-page","status-publish","has-post-thumbnail","hentry"],"aioseo_notices":[],"_links":{"self":[{"href":"https:\/\/agenceclerc.com\/index.php\/wp-json\/wp\/v2\/pages\/4742","targetHints":{"allow":["GET"]}}],"collection":[{"href":"https:\/\/agenceclerc.com\/index.php\/wp-json\/wp\/v2\/pages"}],"about":[{"href":"https:\/\/agenceclerc.com\/index.php\/wp-json\/wp\/v2\/types\/page"}],"author":[{"embeddable":true,"href":"https:\/\/agenceclerc.com\/index.php\/wp-json\/wp\/v2\/users\/1"}],"replies":[{"embeddable":true,"href":"https:\/\/agenceclerc.com\/index.php\/wp-json\/wp\/v2\/comments?post=4742"}],"version-history":[{"count":13,"href":"https:\/\/agenceclerc.com\/index.php\/wp-json\/wp\/v2\/pages\/4742\/revisions"}],"predecessor-version":[{"id":4777,"href":"https:\/\/agenceclerc.com\/index.php\/wp-json\/wp\/v2\/pages\/4742\/revisions\/4777"}],"up":[{"embeddable":true,"href":"https:\/\/agenceclerc.com\/index.php\/wp-json\/wp\/v2\/pages\/451"}],"wp:featuredmedia":[{"embeddable":true,"href":"https:\/\/agenceclerc.com\/index.php\/wp-json\/wp\/v2\/media\/4758"}],"wp:attachment":[{"href":"https:\/\/agenceclerc.com\/index.php\/wp-json\/wp\/v2\/media?parent=4742"}],"curies":[{"name":"wp","href":"https:\/\/api.w.org\/{rel}","templated":true}]}}